{"id":58588,"date":"2026-04-09T00:03:19","date_gmt":"2026-04-08T21:03:19","guid":{"rendered":"https:\/\/rezekne.citro.lv\/veikals\/smalkmaizite-pita-90g\/"},"modified":"2026-04-25T09:00:09","modified_gmt":"2026-04-25T06:00:09","slug":"smalkmaizite-pita-90g","status":"publish","type":"product","link":"https:\/\/rezekne.citro.lv\/ru\/product\/smalkmaizite-pita-90g\/","title":{"rendered":"SMALKMAIZ\u012aTE P\u012aT\u0100 90G"},"content":{"rendered":"<p>Izcelsmes valsts: Latvija<br \/>Sast\u0101vda\u013cas:Sast\u0101vda\u013cas: m\u012bkla {(MILTI  KVIE\u0160U, \u016bdens, margar\u012bns ((augu e\u013c\u013cas(palmu,rap\u0161u),\u016bdens,emulgatori(tauksk\u0101bju mono un diglicer\u012bdi,  tauksk\u0101bju un poliglicerina esteri, lecit\u012bns), s\u0101ls,sk\u0101buma regul\u0113t\u0101js E 330, konserv\u0101nts k\u0101lija sorb\u0101ts, arom\u0101ts, kr\u0101sviela 160b(i))):roz\u012bnes8.0%(roz\u012bnes 99.5%, saulespu\u0137u e\u013c\u013ca, konservants:S\u0112RA DIOKS\u012aDS):cukurs;rafin\u0113ta saulespu\u0137u e\u013c\u013ca:raugs sausais((raugs Saccharomyces cerevisiae (> 98,5%), emulgators: E491 (< 1,5%)):uzlabot\u0101js(KVIE\u0160U milti, fermenti, miltu apstr\u0101des l\u012bdzeklis:E300.Var satur\u0113t LIPEKLI saturo\u0161o, OLU, SOJASpupu, SEZAMA s\u0113klu produktu da\u013ci\u0146as):  s\u0101ls:  kurkuma: fondanta glaz\u016bra (cukurs, glikozes s\u012brups);\u016bdens; olu aizvietot\u0101js((KAZE\u012aNS (PIENA olbaltumvielas), sk\u0101buma regul\u0113t\u0101js (E450, E500), LAKTOZE));  Uzglab\u0101\u0161anas temperat\u016bra,+20-+25C  Inform\u0101cija par uzturv\u0113rt\u012bbu: 100 g produkta satur: ener\u0123\u0113tisk\u0101 v\u0113rt\u012bba 1376 kJ \/ 328kcal; tauki 11.7g, tostarp pies\u0101tin\u0101t\u0101s tauksk\u0101bes 6g; og\u013chidr\u0101ti 49.4g, tostarp cukuri 18g; \u0161\u0137iedrvielas 1.9g; olbaltumvielas 5.2g; s\u0101ls 0.5g.\n<\/p>\n","protected":false},"excerpt":{"rendered":"<p>6.11 \u20ac\/KG<\/p>\n","protected":false},"featured_media":58665,"template":"","meta":{"_acf_changed":false,"inline_featured_image":false},"product_cat":[109,110],"product_tag":[],"acf":[],"aioseo_notices":[],"_links":{"self":[{"href":"https:\/\/rezekne.citro.lv\/ru\/wp-json\/wp\/v2\/product\/58588"}],"collection":[{"href":"https:\/\/rezekne.citro.lv\/ru\/wp-json\/wp\/v2\/product"}],"about":[{"href":"https:\/\/rezekne.citro.lv\/ru\/wp-json\/wp\/v2\/types\/product"}],"wp:featuredmedia":[{"embeddable":true,"href":"https:\/\/rezekne.citro.lv\/ru\/wp-json\/wp\/v2\/media\/58665"}],"wp:attachment":[{"href":"https:\/\/rezekne.citro.lv\/ru\/wp-json\/wp\/v2\/media?parent=58588"}],"wp:term":[{"taxonomy":"product_cat","embeddable":true,"href":"https:\/\/rezekne.citro.lv\/ru\/wp-json\/wp\/v2\/product_cat?post=58588"},{"taxonomy":"product_tag","embeddable":true,"href":"https:\/\/rezekne.citro.lv\/ru\/wp-json\/wp\/v2\/product_tag?post=58588"}],"curies":[{"name":"wp","href":"https:\/\/api.w.org\/{rel}","templated":true}]}}