{"id":58614,"date":"2026-04-23T00:16:42","date_gmt":"2026-04-22T21:16:42","guid":{"rendered":"https:\/\/rezekne.citro.lv\/veikals\/dzeriens-veselibas-ilguciema-1-5l\/"},"modified":"2026-05-06T06:02:11","modified_gmt":"2026-05-06T03:02:11","slug":"dzeriens-veselibas-ilguciema-1-5l","status":"publish","type":"product","link":"https:\/\/rezekne.citro.lv\/ru\/product\/dzeriens-veselibas-ilguciema-1-5l\/","title":{"rendered":"DZ\u0112RIENS VESEL\u012aBAS I\u013b\u0122UCIEMA 1.5L"},"content":{"rendered":"<p>Izcelsmes valsts: Latvija<\/p>\n","protected":false},"excerpt":{"rendered":"<p>1.50 \u20ac\/L<\/p>\n","protected":false},"featured_media":58690,"template":"","meta":{"_acf_changed":false,"inline_featured_image":false},"product_cat":[106,168],"product_tag":[],"acf":[],"aioseo_notices":[],"_links":{"self":[{"href":"https:\/\/rezekne.citro.lv\/ru\/wp-json\/wp\/v2\/product\/58614"}],"collection":[{"href":"https:\/\/rezekne.citro.lv\/ru\/wp-json\/wp\/v2\/product"}],"about":[{"href":"https:\/\/rezekne.citro.lv\/ru\/wp-json\/wp\/v2\/types\/product"}],"wp:featuredmedia":[{"embeddable":true,"href":"https:\/\/rezekne.citro.lv\/ru\/wp-json\/wp\/v2\/media\/58690"}],"wp:attachment":[{"href":"https:\/\/rezekne.citro.lv\/ru\/wp-json\/wp\/v2\/media?parent=58614"}],"wp:term":[{"taxonomy":"product_cat","embeddable":true,"href":"https:\/\/rezekne.citro.lv\/ru\/wp-json\/wp\/v2\/product_cat?post=58614"},{"taxonomy":"product_tag","embeddable":true,"href":"https:\/\/rezekne.citro.lv\/ru\/wp-json\/wp\/v2\/product_tag?post=58614"}],"curies":[{"name":"wp","href":"https:\/\/api.w.org\/{rel}","templated":true}]}}