{"id":58617,"date":"2026-01-02T00:15:11","date_gmt":"2026-01-01T22:15:11","guid":{"rendered":"https:\/\/rezekne.citro.lv\/veikals\/fileja-vitinata-gardu-mini-skelites-150g\/"},"modified":"2026-03-13T06:02:06","modified_gmt":"2026-03-13T04:02:06","slug":"fileja-vitinata-gardu-mini-skelites-150g","status":"publish","type":"product","link":"https:\/\/rezekne.citro.lv\/ru\/product\/fileja-vitinata-gardu-mini-skelites-150g\/","title":{"rendered":"FILEJA V\u012aTIN\u0100TA GARDU MINI \u0160\u0136\u0112L\u012aT\u0112S 150G"},"content":{"rendered":"<p>Izcelsmes valsts: Lietuva<\/p>\n","protected":false},"excerpt":{"rendered":"<p>26.60 \u20ac\/KG<\/p>\n","protected":false},"featured_media":58695,"template":"","meta":{"_acf_changed":false,"inline_featured_image":false},"product_cat":[135,174],"product_tag":[],"acf":[],"aioseo_notices":[],"_links":{"self":[{"href":"https:\/\/rezekne.citro.lv\/ru\/wp-json\/wp\/v2\/product\/58617"}],"collection":[{"href":"https:\/\/rezekne.citro.lv\/ru\/wp-json\/wp\/v2\/product"}],"about":[{"href":"https:\/\/rezekne.citro.lv\/ru\/wp-json\/wp\/v2\/types\/product"}],"wp:featuredmedia":[{"embeddable":true,"href":"https:\/\/rezekne.citro.lv\/ru\/wp-json\/wp\/v2\/media\/58695"}],"wp:attachment":[{"href":"https:\/\/rezekne.citro.lv\/ru\/wp-json\/wp\/v2\/media?parent=58617"}],"wp:term":[{"taxonomy":"product_cat","embeddable":true,"href":"https:\/\/rezekne.citro.lv\/ru\/wp-json\/wp\/v2\/product_cat?post=58617"},{"taxonomy":"product_tag","embeddable":true,"href":"https:\/\/rezekne.citro.lv\/ru\/wp-json\/wp\/v2\/product_tag?post=58617"}],"curies":[{"name":"wp","href":"https:\/\/api.w.org\/{rel}","templated":true}]}}