{"id":58623,"date":"2026-05-07T00:17:14","date_gmt":"2026-05-06T21:17:14","guid":{"rendered":"https:\/\/rezekne.citro.lv\/veikals\/c-g-kakla-karbonade-marinade-melnais-barons-450g\/"},"modified":"2026-05-12T09:00:33","modified_gmt":"2026-05-12T06:00:33","slug":"c-g-kakla-karbonade-marinade-melnais-barons-450g","status":"publish","type":"product","link":"https:\/\/rezekne.citro.lv\/ru\/product\/c-g-kakla-karbonade-marinade-melnais-barons-450g\/","title":{"rendered":"C\/G KAKLA KARBON\u0100DE MARIN\u0100D\u0112 MELNAIS BARONS 450G"},"content":{"rendered":"","protected":false},"excerpt":{"rendered":"<p>8.20 \u20ac\/KG<\/p>\n","protected":false},"featured_media":58645,"template":"","meta":{"_acf_changed":false,"inline_featured_image":false},"product_cat":[135,182],"product_tag":[],"acf":[],"aioseo_notices":[],"_links":{"self":[{"href":"https:\/\/rezekne.citro.lv\/ru\/wp-json\/wp\/v2\/product\/58623"}],"collection":[{"href":"https:\/\/rezekne.citro.lv\/ru\/wp-json\/wp\/v2\/product"}],"about":[{"href":"https:\/\/rezekne.citro.lv\/ru\/wp-json\/wp\/v2\/types\/product"}],"wp:featuredmedia":[{"embeddable":true,"href":"https:\/\/rezekne.citro.lv\/ru\/wp-json\/wp\/v2\/media\/58645"}],"wp:attachment":[{"href":"https:\/\/rezekne.citro.lv\/ru\/wp-json\/wp\/v2\/media?parent=58623"}],"wp:term":[{"taxonomy":"product_cat","embeddable":true,"href":"https:\/\/rezekne.citro.lv\/ru\/wp-json\/wp\/v2\/product_cat?post=58623"},{"taxonomy":"product_tag","embeddable":true,"href":"https:\/\/rezekne.citro.lv\/ru\/wp-json\/wp\/v2\/product_tag?post=58623"}],"curies":[{"name":"wp","href":"https:\/\/api.w.org\/{rel}","templated":true}]}}