{"id":58729,"date":"2026-03-26T00:19:38","date_gmt":"2026-03-25T22:19:38","guid":{"rendered":"https:\/\/rezekne.citro.lv\/veikals\/zupa-podravka-darzenu-ar-nudelem-52g\/"},"modified":"2026-04-19T06:03:19","modified_gmt":"2026-04-19T03:03:19","slug":"zupa-podravka-darzenu-ar-nudelem-52g","status":"publish","type":"product","link":"https:\/\/rezekne.citro.lv\/ru\/product\/zupa-podravka-darzenu-ar-nudelem-52g\/","title":{"rendered":"ZUPA PODRAVKA D\u0100RZE\u0145U AR N\u016aDEL\u0112M 52G"},"content":{"rendered":"<p>Izcelsmes valsts: Horv\u0101tija<\/p>\n","protected":false},"excerpt":{"rendered":"<p>10.19 \u20ac\/KG<\/p>\n","protected":false},"featured_media":58761,"template":"","meta":{"_acf_changed":false,"inline_featured_image":false},"product_cat":[111,138],"product_tag":[],"acf":[],"aioseo_notices":[],"_links":{"self":[{"href":"https:\/\/rezekne.citro.lv\/ru\/wp-json\/wp\/v2\/product\/58729"}],"collection":[{"href":"https:\/\/rezekne.citro.lv\/ru\/wp-json\/wp\/v2\/product"}],"about":[{"href":"https:\/\/rezekne.citro.lv\/ru\/wp-json\/wp\/v2\/types\/product"}],"wp:featuredmedia":[{"embeddable":true,"href":"https:\/\/rezekne.citro.lv\/ru\/wp-json\/wp\/v2\/media\/58761"}],"wp:attachment":[{"href":"https:\/\/rezekne.citro.lv\/ru\/wp-json\/wp\/v2\/media?parent=58729"}],"wp:term":[{"taxonomy":"product_cat","embeddable":true,"href":"https:\/\/rezekne.citro.lv\/ru\/wp-json\/wp\/v2\/product_cat?post=58729"},{"taxonomy":"product_tag","embeddable":true,"href":"https:\/\/rezekne.citro.lv\/ru\/wp-json\/wp\/v2\/product_tag?post=58729"}],"curies":[{"name":"wp","href":"https:\/\/api.w.org\/{rel}","templated":true}]}}