{"id":58731,"date":"2026-03-27T00:02:16","date_gmt":"2026-03-26T22:02:16","guid":{"rendered":"https:\/\/rezekne.citro.lv\/veikals\/zupa-vegeta-sausa-vistas-ar-nudelem-un-darzeniem-45g\/"},"modified":"2026-04-26T06:02:41","modified_gmt":"2026-04-26T03:02:41","slug":"zupa-vegeta-sausa-vistas-ar-nudelem-un-darzeniem-45g","status":"publish","type":"product","link":"https:\/\/rezekne.citro.lv\/ru\/product\/zupa-vegeta-sausa-vistas-ar-nudelem-un-darzeniem-45g\/","title":{"rendered":"ZUPA VEGETA SAUS\u0100 VISTAS AR N\u016aDEL\u0112M UN D\u0100RZE\u0145IEM 45G"},"content":{"rendered":"","protected":false},"excerpt":{"rendered":"<p>19.78 \u20ac\/KG<\/p>\n","protected":false},"featured_media":58763,"template":"","meta":{"_acf_changed":false,"inline_featured_image":false},"product_cat":[111,138],"product_tag":[],"acf":[],"aioseo_notices":[],"_links":{"self":[{"href":"https:\/\/rezekne.citro.lv\/ru\/wp-json\/wp\/v2\/product\/58731"}],"collection":[{"href":"https:\/\/rezekne.citro.lv\/ru\/wp-json\/wp\/v2\/product"}],"about":[{"href":"https:\/\/rezekne.citro.lv\/ru\/wp-json\/wp\/v2\/types\/product"}],"wp:featuredmedia":[{"embeddable":true,"href":"https:\/\/rezekne.citro.lv\/ru\/wp-json\/wp\/v2\/media\/58763"}],"wp:attachment":[{"href":"https:\/\/rezekne.citro.lv\/ru\/wp-json\/wp\/v2\/media?parent=58731"}],"wp:term":[{"taxonomy":"product_cat","embeddable":true,"href":"https:\/\/rezekne.citro.lv\/ru\/wp-json\/wp\/v2\/product_cat?post=58731"},{"taxonomy":"product_tag","embeddable":true,"href":"https:\/\/rezekne.citro.lv\/ru\/wp-json\/wp\/v2\/product_tag?post=58731"}],"curies":[{"name":"wp","href":"https:\/\/api.w.org\/{rel}","templated":true}]}}