{"id":58774,"date":"2025-07-10T11:38:56","date_gmt":"2025-07-10T08:38:56","guid":{"rendered":"https:\/\/rezekne.citro.lv\/veikals\/tirisanas-lidzeklis-tualetes-podam-eco-wc-700ml\/"},"modified":"2026-02-11T06:01:54","modified_gmt":"2026-02-11T04:01:54","slug":"tirisanas-lidzeklis-tualetes-podam-eco-wc-700ml","status":"publish","type":"product","link":"https:\/\/rezekne.citro.lv\/ru\/product\/tirisanas-lidzeklis-tualetes-podam-eco-wc-700ml\/","title":{"rendered":"T\u012aR\u012a\u0160ANAS L\u012aDZEKLIS TUALETES PODAM ECO WC 700ML"},"content":{"rendered":"<p>Izcelsmes valsts:<\/p>\n","protected":false},"excerpt":{"rendered":"<p>5.70 \u20ac\/L<\/p>\n","protected":false},"featured_media":58786,"template":"","meta":{"_acf_changed":false,"inline_featured_image":false},"product_cat":[131,169],"product_tag":[],"acf":[],"aioseo_notices":[],"_links":{"self":[{"href":"https:\/\/rezekne.citro.lv\/ru\/wp-json\/wp\/v2\/product\/58774"}],"collection":[{"href":"https:\/\/rezekne.citro.lv\/ru\/wp-json\/wp\/v2\/product"}],"about":[{"href":"https:\/\/rezekne.citro.lv\/ru\/wp-json\/wp\/v2\/types\/product"}],"wp:featuredmedia":[{"embeddable":true,"href":"https:\/\/rezekne.citro.lv\/ru\/wp-json\/wp\/v2\/media\/58786"}],"wp:attachment":[{"href":"https:\/\/rezekne.citro.lv\/ru\/wp-json\/wp\/v2\/media?parent=58774"}],"wp:term":[{"taxonomy":"product_cat","embeddable":true,"href":"https:\/\/rezekne.citro.lv\/ru\/wp-json\/wp\/v2\/product_cat?post=58774"},{"taxonomy":"product_tag","embeddable":true,"href":"https:\/\/rezekne.citro.lv\/ru\/wp-json\/wp\/v2\/product_tag?post=58774"}],"curies":[{"name":"wp","href":"https:\/\/api.w.org\/{rel}","templated":true}]}}