{"id":58781,"date":"2026-05-08T00:02:17","date_gmt":"2026-05-07T21:02:17","guid":{"rendered":"https:\/\/rezekne.citro.lv\/veikals\/velas-mikstinatajs-duna-sensitive-750ml\/"},"modified":"2026-05-08T00:02:18","modified_gmt":"2026-05-07T21:02:18","slug":"velas-mikstinatajs-duna-sensitive-750ml","status":"publish","type":"product","link":"https:\/\/rezekne.citro.lv\/ru\/product\/velas-mikstinatajs-duna-sensitive-750ml\/","title":{"rendered":"VE\u013bAS M\u012aKSTIN\u0100T\u0100JS D\u016aNA SENSITIVE 750ML"},"content":{"rendered":"","protected":false},"excerpt":{"rendered":"<p>5.19 \u20ac\/L<\/p>\n","protected":false},"featured_media":58793,"template":"","meta":{"_acf_changed":false,"inline_featured_image":false},"product_cat":[131,184],"product_tag":[],"acf":[],"aioseo_notices":[],"_links":{"self":[{"href":"https:\/\/rezekne.citro.lv\/ru\/wp-json\/wp\/v2\/product\/58781"}],"collection":[{"href":"https:\/\/rezekne.citro.lv\/ru\/wp-json\/wp\/v2\/product"}],"about":[{"href":"https:\/\/rezekne.citro.lv\/ru\/wp-json\/wp\/v2\/types\/product"}],"wp:featuredmedia":[{"embeddable":true,"href":"https:\/\/rezekne.citro.lv\/ru\/wp-json\/wp\/v2\/media\/58793"}],"wp:attachment":[{"href":"https:\/\/rezekne.citro.lv\/ru\/wp-json\/wp\/v2\/media?parent=58781"}],"wp:term":[{"taxonomy":"product_cat","embeddable":true,"href":"https:\/\/rezekne.citro.lv\/ru\/wp-json\/wp\/v2\/product_cat?post=58781"},{"taxonomy":"product_tag","embeddable":true,"href":"https:\/\/rezekne.citro.lv\/ru\/wp-json\/wp\/v2\/product_tag?post=58781"}],"curies":[{"name":"wp","href":"https:\/\/api.w.org\/{rel}","templated":true}]}}