{"id":58849,"date":"2026-04-30T00:02:06","date_gmt":"2026-04-29T21:02:06","guid":{"rendered":"https:\/\/rezekne.citro.lv\/veikals\/mazsaliti-gurkisi-skelites-500g-dimdini\/"},"modified":"2026-05-11T06:01:10","modified_gmt":"2026-05-11T03:01:10","slug":"mazsaliti-gurkisi-skelites-500g-dimdini","status":"publish","type":"product","link":"https:\/\/rezekne.citro.lv\/ru\/product\/mazsaliti-gurkisi-skelites-500g-dimdini\/","title":{"rendered":"MAZS\u0100L\u012aTI GUR\u0136\u012a\u0160I \u0160\u0136EL\u012aTES 500G DIMDI\u0145I"},"content":{"rendered":"","protected":false},"excerpt":{"rendered":"<p>5.18 \u20ac\/KG<\/p>\n","protected":false},"featured_media":58921,"template":"","meta":{"_acf_changed":false,"inline_featured_image":false},"product_cat":[97,159],"product_tag":[],"acf":[],"aioseo_notices":[],"_links":{"self":[{"href":"https:\/\/rezekne.citro.lv\/ru\/wp-json\/wp\/v2\/product\/58849"}],"collection":[{"href":"https:\/\/rezekne.citro.lv\/ru\/wp-json\/wp\/v2\/product"}],"about":[{"href":"https:\/\/rezekne.citro.lv\/ru\/wp-json\/wp\/v2\/types\/product"}],"wp:featuredmedia":[{"embeddable":true,"href":"https:\/\/rezekne.citro.lv\/ru\/wp-json\/wp\/v2\/media\/58921"}],"wp:attachment":[{"href":"https:\/\/rezekne.citro.lv\/ru\/wp-json\/wp\/v2\/media?parent=58849"}],"wp:term":[{"taxonomy":"product_cat","embeddable":true,"href":"https:\/\/rezekne.citro.lv\/ru\/wp-json\/wp\/v2\/product_cat?post=58849"},{"taxonomy":"product_tag","embeddable":true,"href":"https:\/\/rezekne.citro.lv\/ru\/wp-json\/wp\/v2\/product_tag?post=58849"}],"curies":[{"name":"wp","href":"https:\/\/api.w.org\/{rel}","templated":true}]}}