{"id":58854,"date":"2026-04-09T00:04:06","date_gmt":"2026-04-08T21:04:06","guid":{"rendered":"https:\/\/rezekne.citro.lv\/veikals\/eklers-ar-sokoladi-citro-50g\/"},"modified":"2026-05-15T06:01:46","modified_gmt":"2026-05-15T03:01:46","slug":"eklers-ar-sokoladi-citro-50g","status":"publish","type":"product","link":"https:\/\/rezekne.citro.lv\/ru\/product\/eklers-ar-sokoladi-citro-50g\/","title":{"rendered":"EKL\u0112RS AR \u0160OKOL\u0100DI  CITRO 50G"},"content":{"rendered":"<p>Izcelsmes valsts: Latvija<br \/>\nSast\u0101vda\u013cas: ekl\u0113ra \u010daula 40%{\u016bdens: mais\u012bjums plauc\u0113tai m\u012bklai((KVIE\u0160U MILTU, kukur\u016bzas milti, kukur\u016bzas ciete, KVIE\u0160U ciete, OLU pulveris, S\u016aKALU pulveris, emulgators(S\u016aKALAS, E471, E475,E472b);modific\u0113ta ciete(kukur\u016bzas), irdin\u0101t\u0101ji( E450, E500), jod\u0113ta s\u0101ls, kr\u0101sviela E160a)): saulespu\u0137u e\u013c\u013ca rafin\u0113ta}:konditorejas kr\u0113ms ar cukuru ((\u016bdens, piln\u012bgi hidrogen\u0113ta palmu kodolu e\u013c\u013ca25%, cukurs 12%, PIENA olbaltumvielas, emulgatori E472b, E322(SOJA), E 472e; stabiliz\u0113t\u0101ji: E460, E466, E340;aromatiz\u0113t\u0101js, kr\u0101sviela E160a)): m\u012bkst\u0101 glaz\u016bra tum\u0161\u0101 21.3% ((cukurs, piln\u012bgi hidrogen\u0113ti augu tauki (palmu, rap\u0161u), kakao pulveris ar samazin\u0101tu tauku saturu (16%), PILNPIENA pulveris, emulgators (E322 SOJAS lecitins, arom\u0101ts (LAZDU RIEKSTU)): v\u0101r\u012bts iebiezin\u0101t\u0101 piena pild\u012bjums ((cukurs, dzeramais \u016bdens, V\u0100JPIENA pulveris, nehidrogen\u0113ti palmu tauki, biezin\u0101t\u0101ji (kukur\u016bzas ciete, E509, karagin\u0101ns, pekt\u012bns), Ha-lakt\u0101zes ferments), konservants (sorb\u012bnsk\u0101be): m\u012bkst\u0101 glaz\u016bra gai\u0161\u0101 2%(( cukurs, piln\u012bgi hidrogen\u0113ti augu tauki (palmu, rap\u0161u), PILNPIENA pulveris, emulgators (E322 SOJAS lecitins), arom\u0101ts(piena kr\u0113ma))); Uzglab\u0101\u0161anas temperat\u016bra+2-+6C Inform\u0101cija par uzturv\u0113rt\u012bbu:100 g produkta satur: ener\u0123\u0113tisk\u0101 v\u0113rt\u012bba 1379 kJ \/ 331kcal; tauki 23.4g, tostarp pies\u0101tin\u0101t\u0101s tauksk\u0101bes 10.4g; og\u013chidr\u0101ti 25.8g, tostarp cukuri 13.1g; \u0161\u0137iedrvielas 0g; olbaltumvielas 4.4g; s\u0101ls 0.5g.<\/p>\n","protected":false},"excerpt":{"rendered":"<p>17.00 \u20ac\/KG<\/p>\n","protected":false},"featured_media":81331,"template":"","meta":{"_acf_changed":false,"inline_featured_image":false},"product_cat":[109,110],"product_tag":[],"acf":[],"aioseo_notices":[],"_links":{"self":[{"href":"https:\/\/rezekne.citro.lv\/ru\/wp-json\/wp\/v2\/product\/58854"}],"collection":[{"href":"https:\/\/rezekne.citro.lv\/ru\/wp-json\/wp\/v2\/product"}],"about":[{"href":"https:\/\/rezekne.citro.lv\/ru\/wp-json\/wp\/v2\/types\/product"}],"wp:featuredmedia":[{"embeddable":true,"href":"https:\/\/rezekne.citro.lv\/ru\/wp-json\/wp\/v2\/media\/81331"}],"wp:attachment":[{"href":"https:\/\/rezekne.citro.lv\/ru\/wp-json\/wp\/v2\/media?parent=58854"}],"wp:term":[{"taxonomy":"product_cat","embeddable":true,"href":"https:\/\/rezekne.citro.lv\/ru\/wp-json\/wp\/v2\/product_cat?post=58854"},{"taxonomy":"product_tag","embeddable":true,"href":"https:\/\/rezekne.citro.lv\/ru\/wp-json\/wp\/v2\/product_tag?post=58854"}],"curies":[{"name":"wp","href":"https:\/\/api.w.org\/{rel}","templated":true}]}}