{"id":58857,"date":"2026-04-23T00:16:49","date_gmt":"2026-04-22T21:16:49","guid":{"rendered":"https:\/\/rezekne.citro.lv\/veikals\/cepumi-laima-piparkukas-kg\/"},"modified":"2026-04-23T00:16:53","modified_gmt":"2026-04-22T21:16:53","slug":"cepumi-laima-piparkukas-kg","status":"publish","type":"product","link":"https:\/\/rezekne.citro.lv\/ru\/product\/cepumi-laima-piparkukas-kg\/","title":{"rendered":"CEPUMI LAIMA PIPARK\u016aKAS KG"},"content":{"rendered":"<p>Izcelsmes valsts: Latvija<br \/>Ra\u017eots:Latvij\u0101. Sast\u0101vs:KVIE\u0160U milti,cukurs,augu tauki(rap\u0161u,e\u013c\u013ca,,piln\u012bgi hidrog.rap\u0161u e\u013c\u013ca,kokosr.e\u013c\u013ca.),gar\u0161vielas(koriandrs,smar\u017e\u012bgie pipari,melnie pipari 0.2%,ingvers,muskatrieksts)Var satur\u0113t:OLU,PIENA,RIEKSTU,SEZAMA da\u013ci\u0146as.<\/p>\n","protected":false},"excerpt":{"rendered":"<p>5.99 \u20ac\/KG<\/p>\n","protected":false},"featured_media":58934,"template":"","meta":{"_acf_changed":false,"inline_featured_image":false},"product_cat":[125,139],"product_tag":[],"acf":[],"aioseo_notices":[],"_links":{"self":[{"href":"https:\/\/rezekne.citro.lv\/ru\/wp-json\/wp\/v2\/product\/58857"}],"collection":[{"href":"https:\/\/rezekne.citro.lv\/ru\/wp-json\/wp\/v2\/product"}],"about":[{"href":"https:\/\/rezekne.citro.lv\/ru\/wp-json\/wp\/v2\/types\/product"}],"wp:featuredmedia":[{"embeddable":true,"href":"https:\/\/rezekne.citro.lv\/ru\/wp-json\/wp\/v2\/media\/58934"}],"wp:attachment":[{"href":"https:\/\/rezekne.citro.lv\/ru\/wp-json\/wp\/v2\/media?parent=58857"}],"wp:term":[{"taxonomy":"product_cat","embeddable":true,"href":"https:\/\/rezekne.citro.lv\/ru\/wp-json\/wp\/v2\/product_cat?post=58857"},{"taxonomy":"product_tag","embeddable":true,"href":"https:\/\/rezekne.citro.lv\/ru\/wp-json\/wp\/v2\/product_tag?post=58857"}],"curies":[{"name":"wp","href":"https:\/\/api.w.org\/{rel}","templated":true}]}}