{"id":58878,"date":"2024-08-27T11:03:03","date_gmt":"2024-08-27T08:03:03","guid":{"rendered":"https:\/\/rezekne.citro.lv\/veikals\/pupinas-paksu-zalas-pinguin-grieztas-450g\/"},"modified":"2025-07-20T06:42:08","modified_gmt":"2025-07-20T03:42:08","slug":"pupinas-paksu-zalas-pinguin-grieztas-450g","status":"publish","type":"product","link":"https:\/\/rezekne.citro.lv\/ru\/product\/pupinas-paksu-zalas-pinguin-grieztas-450g\/","title":{"rendered":"PUPI\u0145AS P\u0100K\u0160U ZA\u013b\u0100S PINGUIN GRIEZTAS 450G"},"content":{"rendered":"<p>Izcelsmes valsts: Polija<\/p>\n","protected":false},"excerpt":{"rendered":"<p>3.09 \u20ac\/KG<\/p>\n","protected":false},"featured_media":58956,"template":"","meta":{"_acf_changed":false,"inline_featured_image":false},"product_cat":[231,232],"product_tag":[],"acf":[],"aioseo_notices":[],"_links":{"self":[{"href":"https:\/\/rezekne.citro.lv\/ru\/wp-json\/wp\/v2\/product\/58878"}],"collection":[{"href":"https:\/\/rezekne.citro.lv\/ru\/wp-json\/wp\/v2\/product"}],"about":[{"href":"https:\/\/rezekne.citro.lv\/ru\/wp-json\/wp\/v2\/types\/product"}],"wp:featuredmedia":[{"embeddable":true,"href":"https:\/\/rezekne.citro.lv\/ru\/wp-json\/wp\/v2\/media\/58956"}],"wp:attachment":[{"href":"https:\/\/rezekne.citro.lv\/ru\/wp-json\/wp\/v2\/media?parent=58878"}],"wp:term":[{"taxonomy":"product_cat","embeddable":true,"href":"https:\/\/rezekne.citro.lv\/ru\/wp-json\/wp\/v2\/product_cat?post=58878"},{"taxonomy":"product_tag","embeddable":true,"href":"https:\/\/rezekne.citro.lv\/ru\/wp-json\/wp\/v2\/product_tag?post=58878"}],"curies":[{"name":"wp","href":"https:\/\/api.w.org\/{rel}","templated":true}]}}