{"id":58882,"date":"2026-03-26T00:16:39","date_gmt":"2026-03-25T22:16:39","guid":{"rendered":"https:\/\/rezekne.citro.lv\/veikals\/bananu-cipsi-alis-co-200g\/"},"modified":"2026-04-20T06:02:08","modified_gmt":"2026-04-20T03:02:08","slug":"bananu-cipsi-alis-co-200g","status":"publish","type":"product","link":"https:\/\/rezekne.citro.lv\/ru\/product\/bananu-cipsi-alis-co-200g\/","title":{"rendered":"BAN\u0100NU \u010cIPSI ALIS CO 200G"},"content":{"rendered":"<p>Izcelsmes valsts: Filip\u012bnas<br \/>{rtf1ansideff0{fonttbl{f0fnilfcharset186 Verdana;}}viewkind4uc1pardlang1062bf0fs16  par}<\/p>\n","protected":false},"excerpt":{"rendered":"<p>12.45 \u20ac\/KG<\/p>\n","protected":false},"featured_media":23381,"template":"","meta":{"_acf_changed":false,"inline_featured_image":false},"product_cat":[125,543],"product_tag":[],"acf":[],"aioseo_notices":[],"_links":{"self":[{"href":"https:\/\/rezekne.citro.lv\/ru\/wp-json\/wp\/v2\/product\/58882"}],"collection":[{"href":"https:\/\/rezekne.citro.lv\/ru\/wp-json\/wp\/v2\/product"}],"about":[{"href":"https:\/\/rezekne.citro.lv\/ru\/wp-json\/wp\/v2\/types\/product"}],"wp:featuredmedia":[{"embeddable":true,"href":"https:\/\/rezekne.citro.lv\/ru\/wp-json\/wp\/v2\/media\/23381"}],"wp:attachment":[{"href":"https:\/\/rezekne.citro.lv\/ru\/wp-json\/wp\/v2\/media?parent=58882"}],"wp:term":[{"taxonomy":"product_cat","embeddable":true,"href":"https:\/\/rezekne.citro.lv\/ru\/wp-json\/wp\/v2\/product_cat?post=58882"},{"taxonomy":"product_tag","embeddable":true,"href":"https:\/\/rezekne.citro.lv\/ru\/wp-json\/wp\/v2\/product_tag?post=58882"}],"curies":[{"name":"wp","href":"https:\/\/api.w.org\/{rel}","templated":true}]}}