{"id":58884,"date":"2026-05-07T00:03:18","date_gmt":"2026-05-06T21:03:18","guid":{"rendered":"https:\/\/rezekne.citro.lv\/veikals\/desinas-cepamas-ar-sieru-mini-400g-kekavaspf\/"},"modified":"2026-05-16T06:02:29","modified_gmt":"2026-05-16T03:02:29","slug":"desinas-cepamas-ar-sieru-mini-400g-kekavaspf","status":"publish","type":"product","link":"https:\/\/rezekne.citro.lv\/ru\/product\/desinas-cepamas-ar-sieru-mini-400g-kekavaspf\/","title":{"rendered":"DESI\u0145AS CEPAM\u0100S AR SIERU MINI 400G \u0136EKAVASPF"},"content":{"rendered":"<p>Izcelsmes valsts: Latvija<\/p>\n","protected":false},"excerpt":{"rendered":"<p>6.38 \u20ac\/KG<\/p>\n","protected":false},"featured_media":58960,"template":"","meta":{"_acf_changed":false,"inline_featured_image":false},"product_cat":[135,177],"product_tag":[],"acf":[],"aioseo_notices":[],"_links":{"self":[{"href":"https:\/\/rezekne.citro.lv\/ru\/wp-json\/wp\/v2\/product\/58884"}],"collection":[{"href":"https:\/\/rezekne.citro.lv\/ru\/wp-json\/wp\/v2\/product"}],"about":[{"href":"https:\/\/rezekne.citro.lv\/ru\/wp-json\/wp\/v2\/types\/product"}],"wp:featuredmedia":[{"embeddable":true,"href":"https:\/\/rezekne.citro.lv\/ru\/wp-json\/wp\/v2\/media\/58960"}],"wp:attachment":[{"href":"https:\/\/rezekne.citro.lv\/ru\/wp-json\/wp\/v2\/media?parent=58884"}],"wp:term":[{"taxonomy":"product_cat","embeddable":true,"href":"https:\/\/rezekne.citro.lv\/ru\/wp-json\/wp\/v2\/product_cat?post=58884"},{"taxonomy":"product_tag","embeddable":true,"href":"https:\/\/rezekne.citro.lv\/ru\/wp-json\/wp\/v2\/product_tag?post=58884"}],"curies":[{"name":"wp","href":"https:\/\/api.w.org\/{rel}","templated":true}]}}