{"id":58892,"date":"2026-05-07T00:04:21","date_gmt":"2026-05-06T21:04:21","guid":{"rendered":"https:\/\/rezekne.citro.lv\/veikals\/desa-bociu-auksti-kupinata-170g\/"},"modified":"2026-05-13T06:02:37","modified_gmt":"2026-05-13T03:02:37","slug":"desa-bociu-auksti-kupinata-170g","status":"publish","type":"product","link":"https:\/\/rezekne.citro.lv\/ru\/product\/desa-bociu-auksti-kupinata-170g\/","title":{"rendered":"DESA BO\u010cIU AUKSTI K\u016aPIN\u0100TA 170G"},"content":{"rendered":"<p>Izcelsmes valsts: Lietuva<\/p>\n","protected":false},"excerpt":{"rendered":"<p>9.35 \u20ac\/KG<\/p>\n","protected":false},"featured_media":58968,"template":"","meta":{"_acf_changed":false,"inline_featured_image":false},"product_cat":[135,178],"product_tag":[],"acf":[],"aioseo_notices":[],"_links":{"self":[{"href":"https:\/\/rezekne.citro.lv\/ru\/wp-json\/wp\/v2\/product\/58892"}],"collection":[{"href":"https:\/\/rezekne.citro.lv\/ru\/wp-json\/wp\/v2\/product"}],"about":[{"href":"https:\/\/rezekne.citro.lv\/ru\/wp-json\/wp\/v2\/types\/product"}],"wp:featuredmedia":[{"embeddable":true,"href":"https:\/\/rezekne.citro.lv\/ru\/wp-json\/wp\/v2\/media\/58968"}],"wp:attachment":[{"href":"https:\/\/rezekne.citro.lv\/ru\/wp-json\/wp\/v2\/media?parent=58892"}],"wp:term":[{"taxonomy":"product_cat","embeddable":true,"href":"https:\/\/rezekne.citro.lv\/ru\/wp-json\/wp\/v2\/product_cat?post=58892"},{"taxonomy":"product_tag","embeddable":true,"href":"https:\/\/rezekne.citro.lv\/ru\/wp-json\/wp\/v2\/product_tag?post=58892"}],"curies":[{"name":"wp","href":"https:\/\/api.w.org\/{rel}","templated":true}]}}