{"id":59071,"date":"2026-04-15T00:03:22","date_gmt":"2026-04-14T21:03:22","guid":{"rendered":"https:\/\/rezekne.citro.lv\/veikals\/auksta-zupa-ar-kefiru-citro-900g\/"},"modified":"2026-04-15T06:04:52","modified_gmt":"2026-04-15T03:04:52","slug":"auksta-zupa-ar-kefiru-citro-900g","status":"publish","type":"product","link":"https:\/\/rezekne.citro.lv\/ru\/product\/auksta-zupa-ar-kefiru-citro-900g\/","title":{"rendered":"AUKST\u0100 ZUPA AR KEF\u012aRU CITRO 900G"},"content":{"rendered":"<p>Izcelsmes valsts: Latvija<br \/> Sast\u0101vda\u013cas: KEF\u012aRS2.5%-42.5%, bietes marin\u0113t\u0101s(\u016bdens, bietes, cukurs, eti\u0137is galda, s\u0101ls, lauru lapa),\u016bdens,gur\u0137i svaigi, OLAS, s\u012bpolu loki, s\u0101ls, cukurs, za\u013cumi gar\u0161augu, Uzglab\u0101\u0161anas.temperat\u016bra +2+6C Inform\u0101cija par uzturv\u0113rt\u012bbu:100 g produkta satur: ener\u0123\u0113tisk\u0101 v\u0113rt\u012bba 163 kJ \/ 39kcal: tauki 1.3g, tostarp pies\u0101tin\u0101t\u0101s tauksk\u0101bes 0.9g: og\u013chidr\u0101ti 4.5g, tostarp cukuri 3.5g: \u0161\u0137iedrvielas 0.6g: olbaltumvielas 2g: s\u0101ls 0.8g.<\/p>\n","protected":false},"excerpt":{"rendered":"<p>3.99 \u20ac\/KG<\/p>\n","protected":false},"featured_media":59098,"template":"","meta":{"_acf_changed":false,"inline_featured_image":false},"product_cat":[113,566],"product_tag":[],"acf":[],"aioseo_notices":[],"_links":{"self":[{"href":"https:\/\/rezekne.citro.lv\/ru\/wp-json\/wp\/v2\/product\/59071"}],"collection":[{"href":"https:\/\/rezekne.citro.lv\/ru\/wp-json\/wp\/v2\/product"}],"about":[{"href":"https:\/\/rezekne.citro.lv\/ru\/wp-json\/wp\/v2\/types\/product"}],"wp:featuredmedia":[{"embeddable":true,"href":"https:\/\/rezekne.citro.lv\/ru\/wp-json\/wp\/v2\/media\/59098"}],"wp:attachment":[{"href":"https:\/\/rezekne.citro.lv\/ru\/wp-json\/wp\/v2\/media?parent=59071"}],"wp:term":[{"taxonomy":"product_cat","embeddable":true,"href":"https:\/\/rezekne.citro.lv\/ru\/wp-json\/wp\/v2\/product_cat?post=59071"},{"taxonomy":"product_tag","embeddable":true,"href":"https:\/\/rezekne.citro.lv\/ru\/wp-json\/wp\/v2\/product_tag?post=59071"}],"curies":[{"name":"wp","href":"https:\/\/api.w.org\/{rel}","templated":true}]}}