{"id":59072,"date":"2026-04-23T00:16:57","date_gmt":"2026-04-22T21:16:57","guid":{"rendered":"https:\/\/rezekne.citro.lv\/veikals\/mineraludens-perrier-gazets-1l-pet\/"},"modified":"2026-04-23T00:16:58","modified_gmt":"2026-04-22T21:16:58","slug":"mineraludens-perrier-gazets-1l-pet","status":"publish","type":"product","link":"https:\/\/rezekne.citro.lv\/ru\/product\/mineraludens-perrier-gazets-1l-pet\/","title":{"rendered":"MINER\u0100L\u016aDENS PERRIER G\u0100Z\u0112TS 1L PET"},"content":{"rendered":"<p>Izcelsmes valsts: Francija<\/p>\n","protected":false},"excerpt":{"rendered":"<p>1.79 \u20ac\/L<\/p>\n","protected":false},"featured_media":59116,"template":"","meta":{"_acf_changed":false,"inline_featured_image":false},"product_cat":[106,186],"product_tag":[],"acf":[],"aioseo_notices":[],"_links":{"self":[{"href":"https:\/\/rezekne.citro.lv\/ru\/wp-json\/wp\/v2\/product\/59072"}],"collection":[{"href":"https:\/\/rezekne.citro.lv\/ru\/wp-json\/wp\/v2\/product"}],"about":[{"href":"https:\/\/rezekne.citro.lv\/ru\/wp-json\/wp\/v2\/types\/product"}],"wp:featuredmedia":[{"embeddable":true,"href":"https:\/\/rezekne.citro.lv\/ru\/wp-json\/wp\/v2\/media\/59116"}],"wp:attachment":[{"href":"https:\/\/rezekne.citro.lv\/ru\/wp-json\/wp\/v2\/media?parent=59072"}],"wp:term":[{"taxonomy":"product_cat","embeddable":true,"href":"https:\/\/rezekne.citro.lv\/ru\/wp-json\/wp\/v2\/product_cat?post=59072"},{"taxonomy":"product_tag","embeddable":true,"href":"https:\/\/rezekne.citro.lv\/ru\/wp-json\/wp\/v2\/product_tag?post=59072"}],"curies":[{"name":"wp","href":"https:\/\/api.w.org\/{rel}","templated":true}]}}