{"id":59084,"date":"2026-03-26T00:33:53","date_gmt":"2026-03-25T22:33:53","guid":{"rendered":"https:\/\/rezekne.citro.lv\/veikals\/konservi-tunca-salati-ar-majonezi-calvo-150g\/"},"modified":"2026-03-26T00:33:58","modified_gmt":"2026-03-25T22:33:58","slug":"konservi-tunca-salati-ar-majonezi-calvo-150g","status":"publish","type":"product","link":"https:\/\/rezekne.citro.lv\/ru\/product\/konservi-tunca-salati-ar-majonezi-calvo-150g\/","title":{"rendered":"KONSERVI TUN\u010cA SAL\u0100TI AR MAJON\u0112ZI CALVO 150G"},"content":{"rendered":"<p>Izcelsmes valsts: Sp\u0101nija<\/p>\n","protected":false},"excerpt":{"rendered":"<p>13.93 \u20ac\/KG<\/p>\n","protected":false},"featured_media":59128,"template":"","meta":{"_acf_changed":false,"inline_featured_image":false},"product_cat":[135,136],"product_tag":[],"acf":[],"aioseo_notices":[],"_links":{"self":[{"href":"https:\/\/rezekne.citro.lv\/ru\/wp-json\/wp\/v2\/product\/59084"}],"collection":[{"href":"https:\/\/rezekne.citro.lv\/ru\/wp-json\/wp\/v2\/product"}],"about":[{"href":"https:\/\/rezekne.citro.lv\/ru\/wp-json\/wp\/v2\/types\/product"}],"wp:featuredmedia":[{"embeddable":true,"href":"https:\/\/rezekne.citro.lv\/ru\/wp-json\/wp\/v2\/media\/59128"}],"wp:attachment":[{"href":"https:\/\/rezekne.citro.lv\/ru\/wp-json\/wp\/v2\/media?parent=59084"}],"wp:term":[{"taxonomy":"product_cat","embeddable":true,"href":"https:\/\/rezekne.citro.lv\/ru\/wp-json\/wp\/v2\/product_cat?post=59084"},{"taxonomy":"product_tag","embeddable":true,"href":"https:\/\/rezekne.citro.lv\/ru\/wp-json\/wp\/v2\/product_tag?post=59084"}],"curies":[{"name":"wp","href":"https:\/\/api.w.org\/{rel}","templated":true}]}}