{"id":59085,"date":"2026-02-26T00:32:18","date_gmt":"2026-02-25T22:32:18","guid":{"rendered":"https:\/\/rezekne.citro.lv\/veikals\/silku-fileja-ungaru-gaume-220g\/"},"modified":"2026-02-26T00:32:23","modified_gmt":"2026-02-25T22:32:23","slug":"silku-fileja-ungaru-gaume-220g","status":"publish","type":"product","link":"https:\/\/rezekne.citro.lv\/ru\/product\/silku-fileja-ungaru-gaume-220g\/","title":{"rendered":"SI\u013b\u0136U FILEJA UNG\u0100RU GAUM\u0112 220G"},"content":{"rendered":"<p>Izcelsmes valsts: Latvija<\/p>\n","protected":false},"excerpt":{"rendered":"<p>10.68 \u20ac\/KG<\/p>\n","protected":false},"featured_media":59127,"template":"","meta":{"_acf_changed":false,"inline_featured_image":false},"product_cat":[135,136],"product_tag":[],"acf":[],"aioseo_notices":[],"_links":{"self":[{"href":"https:\/\/rezekne.citro.lv\/ru\/wp-json\/wp\/v2\/product\/59085"}],"collection":[{"href":"https:\/\/rezekne.citro.lv\/ru\/wp-json\/wp\/v2\/product"}],"about":[{"href":"https:\/\/rezekne.citro.lv\/ru\/wp-json\/wp\/v2\/types\/product"}],"wp:featuredmedia":[{"embeddable":true,"href":"https:\/\/rezekne.citro.lv\/ru\/wp-json\/wp\/v2\/media\/59127"}],"wp:attachment":[{"href":"https:\/\/rezekne.citro.lv\/ru\/wp-json\/wp\/v2\/media?parent=59085"}],"wp:term":[{"taxonomy":"product_cat","embeddable":true,"href":"https:\/\/rezekne.citro.lv\/ru\/wp-json\/wp\/v2\/product_cat?post=59085"},{"taxonomy":"product_tag","embeddable":true,"href":"https:\/\/rezekne.citro.lv\/ru\/wp-json\/wp\/v2\/product_tag?post=59085"}],"curies":[{"name":"wp","href":"https:\/\/api.w.org\/{rel}","templated":true}]}}