{"id":59152,"date":"2025-06-19T03:16:43","date_gmt":"2025-06-19T00:16:43","guid":{"rendered":"https:\/\/rezekne.citro.lv\/veikals\/garsvielu-maisijums-burgeriem-natur-20g\/"},"modified":"2026-03-13T06:04:39","modified_gmt":"2026-03-13T04:04:39","slug":"garsvielu-maisijums-burgeriem-natur-20g","status":"publish","type":"product","link":"https:\/\/rezekne.citro.lv\/ru\/product\/garsvielu-maisijums-burgeriem-natur-20g\/","title":{"rendered":"GAR\u0160VIELU MAIS\u012aJUMS BURGERIEM NATUR 20G"},"content":{"rendered":"<p>Izcelsmes valsts: Horv\u0101tija<\/p>\n","protected":false},"excerpt":{"rendered":"<p>37.50 \u20ac\/KG<\/p>\n","protected":false},"featured_media":59174,"template":"","meta":{"_acf_changed":false,"inline_featured_image":false},"product_cat":[116,165],"product_tag":[],"acf":[],"aioseo_notices":[],"_links":{"self":[{"href":"https:\/\/rezekne.citro.lv\/ru\/wp-json\/wp\/v2\/product\/59152"}],"collection":[{"href":"https:\/\/rezekne.citro.lv\/ru\/wp-json\/wp\/v2\/product"}],"about":[{"href":"https:\/\/rezekne.citro.lv\/ru\/wp-json\/wp\/v2\/types\/product"}],"wp:featuredmedia":[{"embeddable":true,"href":"https:\/\/rezekne.citro.lv\/ru\/wp-json\/wp\/v2\/media\/59174"}],"wp:attachment":[{"href":"https:\/\/rezekne.citro.lv\/ru\/wp-json\/wp\/v2\/media?parent=59152"}],"wp:term":[{"taxonomy":"product_cat","embeddable":true,"href":"https:\/\/rezekne.citro.lv\/ru\/wp-json\/wp\/v2\/product_cat?post=59152"},{"taxonomy":"product_tag","embeddable":true,"href":"https:\/\/rezekne.citro.lv\/ru\/wp-json\/wp\/v2\/product_tag?post=59152"}],"curies":[{"name":"wp","href":"https:\/\/api.w.org\/{rel}","templated":true}]}}