{"id":59155,"date":"2026-03-26T00:34:02","date_gmt":"2026-03-25T22:34:02","guid":{"rendered":"https:\/\/rezekne.citro.lv\/veikals\/gels-traipu-tirisanai-vanish-oxi-action-pink-1l\/"},"modified":"2026-04-05T06:04:21","modified_gmt":"2026-04-05T03:04:21","slug":"gels-traipu-tirisanai-vanish-oxi-action-pink-1l","status":"publish","type":"product","link":"https:\/\/rezekne.citro.lv\/ru\/product\/gels-traipu-tirisanai-vanish-oxi-action-pink-1l\/","title":{"rendered":"G\u0112LS TRAIPU T\u012aR\u012a\u0160ANAI VANISH OXI ACTION PINK 1L"},"content":{"rendered":"","protected":false},"excerpt":{"rendered":"<p>3.99 \u20ac\/L<\/p>\n","protected":false},"featured_media":59180,"template":"","meta":{"_acf_changed":false,"inline_featured_image":false},"product_cat":[131,184],"product_tag":[],"acf":[],"aioseo_notices":[],"_links":{"self":[{"href":"https:\/\/rezekne.citro.lv\/ru\/wp-json\/wp\/v2\/product\/59155"}],"collection":[{"href":"https:\/\/rezekne.citro.lv\/ru\/wp-json\/wp\/v2\/product"}],"about":[{"href":"https:\/\/rezekne.citro.lv\/ru\/wp-json\/wp\/v2\/types\/product"}],"wp:featuredmedia":[{"embeddable":true,"href":"https:\/\/rezekne.citro.lv\/ru\/wp-json\/wp\/v2\/media\/59180"}],"wp:attachment":[{"href":"https:\/\/rezekne.citro.lv\/ru\/wp-json\/wp\/v2\/media?parent=59155"}],"wp:term":[{"taxonomy":"product_cat","embeddable":true,"href":"https:\/\/rezekne.citro.lv\/ru\/wp-json\/wp\/v2\/product_cat?post=59155"},{"taxonomy":"product_tag","embeddable":true,"href":"https:\/\/rezekne.citro.lv\/ru\/wp-json\/wp\/v2\/product_tag?post=59155"}],"curies":[{"name":"wp","href":"https:\/\/api.w.org\/{rel}","templated":true}]}}