{"id":59156,"date":"2026-05-07T00:05:58","date_gmt":"2026-05-06T21:05:58","guid":{"rendered":"https:\/\/rezekne.citro.lv\/veikals\/bariba-kakiem-karumi-dreamies-ar-kakumetru-60g\/"},"modified":"2026-05-07T06:04:34","modified_gmt":"2026-05-07T03:04:34","slug":"bariba-kakiem-karumi-dreamies-ar-kakumetru-60g","status":"publish","type":"product","link":"https:\/\/rezekne.citro.lv\/ru\/product\/bariba-kakiem-karumi-dreamies-ar-kakumetru-60g\/","title":{"rendered":"BAR\u012aBA KA\u0136IEM K\u0100RUMI DREAMIES AR KA\u0136UM\u0112TRU 60G"},"content":{"rendered":"<p>Izcelsmes valsts: Polija<\/p>\n","protected":false},"excerpt":{"rendered":"<p>23.17 \u20ac\/KG<\/p>\n","protected":false},"featured_media":59179,"template":"","meta":{"_acf_changed":false,"inline_featured_image":false},"product_cat":[153,154],"product_tag":[],"acf":[],"aioseo_notices":[],"_links":{"self":[{"href":"https:\/\/rezekne.citro.lv\/ru\/wp-json\/wp\/v2\/product\/59156"}],"collection":[{"href":"https:\/\/rezekne.citro.lv\/ru\/wp-json\/wp\/v2\/product"}],"about":[{"href":"https:\/\/rezekne.citro.lv\/ru\/wp-json\/wp\/v2\/types\/product"}],"wp:featuredmedia":[{"embeddable":true,"href":"https:\/\/rezekne.citro.lv\/ru\/wp-json\/wp\/v2\/media\/59179"}],"wp:attachment":[{"href":"https:\/\/rezekne.citro.lv\/ru\/wp-json\/wp\/v2\/media?parent=59156"}],"wp:term":[{"taxonomy":"product_cat","embeddable":true,"href":"https:\/\/rezekne.citro.lv\/ru\/wp-json\/wp\/v2\/product_cat?post=59156"},{"taxonomy":"product_tag","embeddable":true,"href":"https:\/\/rezekne.citro.lv\/ru\/wp-json\/wp\/v2\/product_tag?post=59156"}],"curies":[{"name":"wp","href":"https:\/\/api.w.org\/{rel}","templated":true}]}}