{"id":59242,"date":"2026-05-15T00:02:06","date_gmt":"2026-05-14T21:02:06","guid":{"rendered":"https:\/\/rezekne.citro.lv\/veikals\/kukuruzas-nujinas-boramex-salas-20g\/"},"modified":"2026-05-15T00:02:13","modified_gmt":"2026-05-14T21:02:13","slug":"kukuruzas-nujinas-boramex-salas-20g","status":"publish","type":"product","link":"https:\/\/rezekne.citro.lv\/ru\/product\/kukuruzas-nujinas-boramex-salas-20g\/","title":{"rendered":"KUKUR\u016aZAS N\u016aJI\u0145AS BORAMEX S\u0100\u013b\u0100S 20G"},"content":{"rendered":"<p>Izcelsmes valsts: Polija<\/p>\n","protected":false},"excerpt":{"rendered":"<p>29.50 \u20ac\/KG<\/p>\n","protected":false},"featured_media":59274,"template":"","meta":{"_acf_changed":false,"inline_featured_image":false},"product_cat":[599,125,228],"product_tag":[],"acf":[],"aioseo_notices":[],"_links":{"self":[{"href":"https:\/\/rezekne.citro.lv\/ru\/wp-json\/wp\/v2\/product\/59242"}],"collection":[{"href":"https:\/\/rezekne.citro.lv\/ru\/wp-json\/wp\/v2\/product"}],"about":[{"href":"https:\/\/rezekne.citro.lv\/ru\/wp-json\/wp\/v2\/types\/product"}],"wp:featuredmedia":[{"embeddable":true,"href":"https:\/\/rezekne.citro.lv\/ru\/wp-json\/wp\/v2\/media\/59274"}],"wp:attachment":[{"href":"https:\/\/rezekne.citro.lv\/ru\/wp-json\/wp\/v2\/media?parent=59242"}],"wp:term":[{"taxonomy":"product_cat","embeddable":true,"href":"https:\/\/rezekne.citro.lv\/ru\/wp-json\/wp\/v2\/product_cat?post=59242"},{"taxonomy":"product_tag","embeddable":true,"href":"https:\/\/rezekne.citro.lv\/ru\/wp-json\/wp\/v2\/product_tag?post=59242"}],"curies":[{"name":"wp","href":"https:\/\/api.w.org\/{rel}","templated":true}]}}