{"id":59247,"date":"2025-11-21T00:03:18","date_gmt":"2025-11-20T22:03:18","guid":{"rendered":"https:\/\/rezekne.citro.lv\/veikals\/cepumi-rono-ar-kakao-un-vanilas-garsas-krema-pildijumu-45g\/"},"modified":"2026-04-20T06:11:49","modified_gmt":"2026-04-20T03:11:49","slug":"cepumi-rono-ar-kakao-un-vanilas-garsas-krema-pildijumu-45g","status":"publish","type":"product","link":"https:\/\/rezekne.citro.lv\/ru\/product\/cepumi-rono-ar-kakao-un-vanilas-garsas-krema-pildijumu-45g\/","title":{"rendered":"CEPUMI RONO AR KAKAO UN VANI\u013bAS GAR\u0160AS KR\u0112MA PILD\u012aJUMU 45G"},"content":{"rendered":"","protected":false},"excerpt":{"rendered":"<p>7.78 \u20ac\/KG<\/p>\n","protected":false},"featured_media":59278,"template":"","meta":{"_acf_changed":false,"inline_featured_image":false},"product_cat":[125,139],"product_tag":[],"acf":[],"aioseo_notices":[],"_links":{"self":[{"href":"https:\/\/rezekne.citro.lv\/ru\/wp-json\/wp\/v2\/product\/59247"}],"collection":[{"href":"https:\/\/rezekne.citro.lv\/ru\/wp-json\/wp\/v2\/product"}],"about":[{"href":"https:\/\/rezekne.citro.lv\/ru\/wp-json\/wp\/v2\/types\/product"}],"wp:featuredmedia":[{"embeddable":true,"href":"https:\/\/rezekne.citro.lv\/ru\/wp-json\/wp\/v2\/media\/59278"}],"wp:attachment":[{"href":"https:\/\/rezekne.citro.lv\/ru\/wp-json\/wp\/v2\/media?parent=59247"}],"wp:term":[{"taxonomy":"product_cat","embeddable":true,"href":"https:\/\/rezekne.citro.lv\/ru\/wp-json\/wp\/v2\/product_cat?post=59247"},{"taxonomy":"product_tag","embeddable":true,"href":"https:\/\/rezekne.citro.lv\/ru\/wp-json\/wp\/v2\/product_tag?post=59247"}],"curies":[{"name":"wp","href":"https:\/\/api.w.org\/{rel}","templated":true}]}}