{"id":59362,"date":"2026-04-23T00:45:20","date_gmt":"2026-04-22T21:45:20","guid":{"rendered":"https:\/\/rezekne.citro.lv\/veikals\/lidzeklis-tirisanas-ace-ultra-universals-wc-fresh-effect-750ml\/"},"modified":"2026-04-23T00:45:26","modified_gmt":"2026-04-22T21:45:26","slug":"lidzeklis-tirisanas-ace-ultra-universals-wc-fresh-effect-750ml","status":"publish","type":"product","link":"https:\/\/rezekne.citro.lv\/ru\/product\/lidzeklis-tirisanas-ace-ultra-universals-wc-fresh-effect-750ml\/","title":{"rendered":"L\u012aDZEKLIS T\u012aR\u012a\u0160ANAS ACE ULTRA UNIVERS\u0100LS WC FRESH EFFECT 750ML"},"content":{"rendered":"","protected":false},"excerpt":{"rendered":"<p>3.99 \u20ac\/L<\/p>\n","protected":false},"featured_media":59317,"template":"","meta":{"_acf_changed":false,"inline_featured_image":false},"product_cat":[131,184],"product_tag":[],"acf":[],"aioseo_notices":[],"_links":{"self":[{"href":"https:\/\/rezekne.citro.lv\/ru\/wp-json\/wp\/v2\/product\/59362"}],"collection":[{"href":"https:\/\/rezekne.citro.lv\/ru\/wp-json\/wp\/v2\/product"}],"about":[{"href":"https:\/\/rezekne.citro.lv\/ru\/wp-json\/wp\/v2\/types\/product"}],"wp:featuredmedia":[{"embeddable":true,"href":"https:\/\/rezekne.citro.lv\/ru\/wp-json\/wp\/v2\/media\/59317"}],"wp:attachment":[{"href":"https:\/\/rezekne.citro.lv\/ru\/wp-json\/wp\/v2\/media?parent=59362"}],"wp:term":[{"taxonomy":"product_cat","embeddable":true,"href":"https:\/\/rezekne.citro.lv\/ru\/wp-json\/wp\/v2\/product_cat?post=59362"},{"taxonomy":"product_tag","embeddable":true,"href":"https:\/\/rezekne.citro.lv\/ru\/wp-json\/wp\/v2\/product_tag?post=59362"}],"curies":[{"name":"wp","href":"https:\/\/api.w.org\/{rel}","templated":true}]}}