{"id":59368,"date":"2026-05-07T00:05:58","date_gmt":"2026-05-06T21:05:58","guid":{"rendered":"https:\/\/rezekne.citro.lv\/veikals\/sokolade-roshen-poraina-rugta-80g\/"},"modified":"2026-05-13T06:04:08","modified_gmt":"2026-05-13T03:04:08","slug":"sokolade-roshen-poraina-rugta-80g","status":"publish","type":"product","link":"https:\/\/rezekne.citro.lv\/ru\/product\/sokolade-roshen-poraina-rugta-80g\/","title":{"rendered":"\u0160OKOL\u0100DE ROSHEN PORAIN\u0100 R\u016aGT\u0100 80G"},"content":{"rendered":"<p>Izcelsmes valsts: Ukraina<\/p>\n","protected":false},"excerpt":{"rendered":"<p>14.88 \u20ac\/KG<\/p>\n","protected":false},"featured_media":59341,"template":"","meta":{"_acf_changed":false,"inline_featured_image":false},"product_cat":[125,134],"product_tag":[],"acf":[],"aioseo_notices":[],"_links":{"self":[{"href":"https:\/\/rezekne.citro.lv\/ru\/wp-json\/wp\/v2\/product\/59368"}],"collection":[{"href":"https:\/\/rezekne.citro.lv\/ru\/wp-json\/wp\/v2\/product"}],"about":[{"href":"https:\/\/rezekne.citro.lv\/ru\/wp-json\/wp\/v2\/types\/product"}],"wp:featuredmedia":[{"embeddable":true,"href":"https:\/\/rezekne.citro.lv\/ru\/wp-json\/wp\/v2\/media\/59341"}],"wp:attachment":[{"href":"https:\/\/rezekne.citro.lv\/ru\/wp-json\/wp\/v2\/media?parent=59368"}],"wp:term":[{"taxonomy":"product_cat","embeddable":true,"href":"https:\/\/rezekne.citro.lv\/ru\/wp-json\/wp\/v2\/product_cat?post=59368"},{"taxonomy":"product_tag","embeddable":true,"href":"https:\/\/rezekne.citro.lv\/ru\/wp-json\/wp\/v2\/product_tag?post=59368"}],"curies":[{"name":"wp","href":"https:\/\/api.w.org\/{rel}","templated":true}]}}