{"id":59380,"date":"2026-04-09T00:06:46","date_gmt":"2026-04-08T21:06:46","guid":{"rendered":"https:\/\/rezekne.citro.lv\/veikals\/lidzeklis-tirisanas-ace-ultra-universals-wc-flowers-750ml\/"},"modified":"2026-04-09T06:04:44","modified_gmt":"2026-04-09T03:04:44","slug":"lidzeklis-tirisanas-ace-ultra-universals-wc-flowers-750ml","status":"publish","type":"product","link":"https:\/\/rezekne.citro.lv\/ru\/product\/lidzeklis-tirisanas-ace-ultra-universals-wc-flowers-750ml\/","title":{"rendered":"L\u012aDZEKLIS T\u012aR\u012a\u0160ANAS ACE ULTRA UNIVERS\u0100LS WC FLOWERS 750ML"},"content":{"rendered":"","protected":false},"excerpt":{"rendered":"<p>3.32 \u20ac\/L<\/p>\n","protected":false},"featured_media":59316,"template":"","meta":{"_acf_changed":false,"inline_featured_image":false},"product_cat":[131,184],"product_tag":[],"acf":[],"aioseo_notices":[],"_links":{"self":[{"href":"https:\/\/rezekne.citro.lv\/ru\/wp-json\/wp\/v2\/product\/59380"}],"collection":[{"href":"https:\/\/rezekne.citro.lv\/ru\/wp-json\/wp\/v2\/product"}],"about":[{"href":"https:\/\/rezekne.citro.lv\/ru\/wp-json\/wp\/v2\/types\/product"}],"wp:featuredmedia":[{"embeddable":true,"href":"https:\/\/rezekne.citro.lv\/ru\/wp-json\/wp\/v2\/media\/59316"}],"wp:attachment":[{"href":"https:\/\/rezekne.citro.lv\/ru\/wp-json\/wp\/v2\/media?parent=59380"}],"wp:term":[{"taxonomy":"product_cat","embeddable":true,"href":"https:\/\/rezekne.citro.lv\/ru\/wp-json\/wp\/v2\/product_cat?post=59380"},{"taxonomy":"product_tag","embeddable":true,"href":"https:\/\/rezekne.citro.lv\/ru\/wp-json\/wp\/v2\/product_tag?post=59380"}],"curies":[{"name":"wp","href":"https:\/\/api.w.org\/{rel}","templated":true}]}}