{"id":59513,"date":"2026-01-29T00:31:37","date_gmt":"2026-01-28T22:31:37","guid":{"rendered":"https:\/\/rezekne.citro.lv\/veikals\/makreles-gabalini-apcepti-zeleja-300g-110g\/"},"modified":"2026-02-22T06:04:33","modified_gmt":"2026-02-22T04:04:33","slug":"makreles-gabalini-apcepti-zeleja-300g-110g","status":"publish","type":"product","link":"https:\/\/rezekne.citro.lv\/ru\/product\/makreles-gabalini-apcepti-zeleja-300g-110g\/","title":{"rendered":"MAKRELES GABALI\u0145I APCEPTI \u017dELEJ\u0100 300G\/110G"},"content":{"rendered":"<p>Izcelsmes valsts: Lietuva<\/p>\n","protected":false},"excerpt":{"rendered":"<p>41.73 \u20ac\/KG<\/p>\n","protected":false},"featured_media":59569,"template":"","meta":{"_acf_changed":false,"inline_featured_image":false},"product_cat":[135,136],"product_tag":[],"acf":[],"aioseo_notices":[],"_links":{"self":[{"href":"https:\/\/rezekne.citro.lv\/ru\/wp-json\/wp\/v2\/product\/59513"}],"collection":[{"href":"https:\/\/rezekne.citro.lv\/ru\/wp-json\/wp\/v2\/product"}],"about":[{"href":"https:\/\/rezekne.citro.lv\/ru\/wp-json\/wp\/v2\/types\/product"}],"wp:featuredmedia":[{"embeddable":true,"href":"https:\/\/rezekne.citro.lv\/ru\/wp-json\/wp\/v2\/media\/59569"}],"wp:attachment":[{"href":"https:\/\/rezekne.citro.lv\/ru\/wp-json\/wp\/v2\/media?parent=59513"}],"wp:term":[{"taxonomy":"product_cat","embeddable":true,"href":"https:\/\/rezekne.citro.lv\/ru\/wp-json\/wp\/v2\/product_cat?post=59513"},{"taxonomy":"product_tag","embeddable":true,"href":"https:\/\/rezekne.citro.lv\/ru\/wp-json\/wp\/v2\/product_tag?post=59513"}],"curies":[{"name":"wp","href":"https:\/\/api.w.org\/{rel}","templated":true}]}}