{"id":59519,"date":"2026-04-26T00:01:42","date_gmt":"2026-04-25T21:01:42","guid":{"rendered":"https:\/\/rezekne.citro.lv\/veikals\/cala-skinka-malta-masa-sver-forevers\/"},"modified":"2026-04-26T00:01:44","modified_gmt":"2026-04-25T21:01:44","slug":"cala-skinka-malta-masa-sver-forevers","status":"publish","type":"product","link":"https:\/\/rezekne.citro.lv\/ru\/product\/cala-skinka-malta-masa-sver-forevers\/","title":{"rendered":"C\u0100\u013bA \u0160\u0136I\u0145\u0136A MALT\u0100 MASA SVER. FOREVERS"},"content":{"rendered":"<p>Izcelsmes valsts: Latvija<\/p>\n","protected":false},"excerpt":{"rendered":"<p>6.99 \u20ac\/KG<\/p>\n","protected":false},"featured_media":59575,"template":"","meta":{"_acf_changed":false,"inline_featured_image":false},"product_cat":[135,190],"product_tag":[],"acf":[],"aioseo_notices":[],"_links":{"self":[{"href":"https:\/\/rezekne.citro.lv\/ru\/wp-json\/wp\/v2\/product\/59519"}],"collection":[{"href":"https:\/\/rezekne.citro.lv\/ru\/wp-json\/wp\/v2\/product"}],"about":[{"href":"https:\/\/rezekne.citro.lv\/ru\/wp-json\/wp\/v2\/types\/product"}],"wp:featuredmedia":[{"embeddable":true,"href":"https:\/\/rezekne.citro.lv\/ru\/wp-json\/wp\/v2\/media\/59575"}],"wp:attachment":[{"href":"https:\/\/rezekne.citro.lv\/ru\/wp-json\/wp\/v2\/media?parent=59519"}],"wp:term":[{"taxonomy":"product_cat","embeddable":true,"href":"https:\/\/rezekne.citro.lv\/ru\/wp-json\/wp\/v2\/product_cat?post=59519"},{"taxonomy":"product_tag","embeddable":true,"href":"https:\/\/rezekne.citro.lv\/ru\/wp-json\/wp\/v2\/product_tag?post=59519"}],"curies":[{"name":"wp","href":"https:\/\/api.w.org\/{rel}","templated":true}]}}