{"id":59523,"date":"2026-03-06T00:02:07","date_gmt":"2026-03-05T22:02:07","guid":{"rendered":"https:\/\/rezekne.citro.lv\/veikals\/skinkis-kupinats-melnais-kg-hkscan\/"},"modified":"2026-04-22T06:04:49","modified_gmt":"2026-04-22T03:04:49","slug":"skinkis-kupinats-melnais-kg-hkscan","status":"publish","type":"product","link":"https:\/\/rezekne.citro.lv\/ru\/product\/skinkis-kupinats-melnais-kg-hkscan\/","title":{"rendered":"\u0160\u0136I\u0145\u0136IS K\u016aPIN\u0100TS MELNAIS KG HKSCAN"},"content":{"rendered":"<p>Izcelsmes valsts: Latvija<br \/>Ra\u017eot\u0101js R\u012bgas miesnieks ga\u013cas kombinat uzglab\u0101\u0161anas temp.+2-+6C<\/p>\n","protected":false},"excerpt":{"rendered":"<p>8.99 \u20ac\/KG<\/p>\n","protected":false},"featured_media":59579,"template":"","meta":{"_acf_changed":false,"inline_featured_image":false},"product_cat":[135,174],"product_tag":[],"acf":[],"aioseo_notices":[],"_links":{"self":[{"href":"https:\/\/rezekne.citro.lv\/ru\/wp-json\/wp\/v2\/product\/59523"}],"collection":[{"href":"https:\/\/rezekne.citro.lv\/ru\/wp-json\/wp\/v2\/product"}],"about":[{"href":"https:\/\/rezekne.citro.lv\/ru\/wp-json\/wp\/v2\/types\/product"}],"wp:featuredmedia":[{"embeddable":true,"href":"https:\/\/rezekne.citro.lv\/ru\/wp-json\/wp\/v2\/media\/59579"}],"wp:attachment":[{"href":"https:\/\/rezekne.citro.lv\/ru\/wp-json\/wp\/v2\/media?parent=59523"}],"wp:term":[{"taxonomy":"product_cat","embeddable":true,"href":"https:\/\/rezekne.citro.lv\/ru\/wp-json\/wp\/v2\/product_cat?post=59523"},{"taxonomy":"product_tag","embeddable":true,"href":"https:\/\/rezekne.citro.lv\/ru\/wp-json\/wp\/v2\/product_tag?post=59523"}],"curies":[{"name":"wp","href":"https:\/\/api.w.org\/{rel}","templated":true}]}}