{"id":59563,"date":"2026-03-26T00:34:25","date_gmt":"2026-03-25T22:34:25","guid":{"rendered":"https:\/\/rezekne.citro.lv\/veikals\/merce-uni-eagle-asa-cili-spiraca-bez-krasvielam-230g\/"},"modified":"2026-03-26T00:34:27","modified_gmt":"2026-03-25T22:34:27","slug":"merce-uni-eagle-asa-cili-spiraca-bez-krasvielam-230g","status":"publish","type":"product","link":"https:\/\/rezekne.citro.lv\/ru\/product\/merce-uni-eagle-asa-cili-spiraca-bez-krasvielam-230g\/","title":{"rendered":"M\u0112RCE UNI-EAGLE AS\u0100 \u010cILI SPIRA\u010cA BEZ KR\u0100SVIEL\u0100M 230G"},"content":{"rendered":"<p>Izcelsmes valsts: Taizeme<\/p>\n","protected":false},"excerpt":{"rendered":"<p>17.35 \u20ac\/KG<\/p>\n","protected":false},"featured_media":59635,"template":"","meta":{"_acf_changed":false,"inline_featured_image":false},"product_cat":[116,208],"product_tag":[],"acf":[],"aioseo_notices":[],"_links":{"self":[{"href":"https:\/\/rezekne.citro.lv\/ru\/wp-json\/wp\/v2\/product\/59563"}],"collection":[{"href":"https:\/\/rezekne.citro.lv\/ru\/wp-json\/wp\/v2\/product"}],"about":[{"href":"https:\/\/rezekne.citro.lv\/ru\/wp-json\/wp\/v2\/types\/product"}],"wp:featuredmedia":[{"embeddable":true,"href":"https:\/\/rezekne.citro.lv\/ru\/wp-json\/wp\/v2\/media\/59635"}],"wp:attachment":[{"href":"https:\/\/rezekne.citro.lv\/ru\/wp-json\/wp\/v2\/media?parent=59563"}],"wp:term":[{"taxonomy":"product_cat","embeddable":true,"href":"https:\/\/rezekne.citro.lv\/ru\/wp-json\/wp\/v2\/product_cat?post=59563"},{"taxonomy":"product_tag","embeddable":true,"href":"https:\/\/rezekne.citro.lv\/ru\/wp-json\/wp\/v2\/product_tag?post=59563"}],"curies":[{"name":"wp","href":"https:\/\/api.w.org\/{rel}","templated":true}]}}