{"id":59601,"date":"2026-01-29T00:15:26","date_gmt":"2026-01-28T22:15:26","guid":{"rendered":"https:\/\/rezekne.citro.lv\/veikals\/kartupelu-salmini-saliti-lorenz-100g\/"},"modified":"2026-04-14T06:02:00","modified_gmt":"2026-04-14T03:02:00","slug":"kartupelu-salmini-saliti-lorenz-100g","status":"publish","type":"product","link":"https:\/\/rezekne.citro.lv\/ru\/product\/kartupelu-salmini-saliti-lorenz-100g\/","title":{"rendered":"KARTUPE\u013bU SALMI\u0145I S\u0100L\u012aTI LORENZ 100G"},"content":{"rendered":"<p>Izcelsmes valsts: V\u0101cija<\/p>\n","protected":false},"excerpt":{"rendered":"<p>14.90 \u20ac\/KG<\/p>\n","protected":false},"featured_media":60346,"template":"","meta":{"_acf_changed":false,"inline_featured_image":false},"product_cat":[125,228],"product_tag":[],"acf":[],"aioseo_notices":[],"_links":{"self":[{"href":"https:\/\/rezekne.citro.lv\/ru\/wp-json\/wp\/v2\/product\/59601"}],"collection":[{"href":"https:\/\/rezekne.citro.lv\/ru\/wp-json\/wp\/v2\/product"}],"about":[{"href":"https:\/\/rezekne.citro.lv\/ru\/wp-json\/wp\/v2\/types\/product"}],"wp:featuredmedia":[{"embeddable":true,"href":"https:\/\/rezekne.citro.lv\/ru\/wp-json\/wp\/v2\/media\/60346"}],"wp:attachment":[{"href":"https:\/\/rezekne.citro.lv\/ru\/wp-json\/wp\/v2\/media?parent=59601"}],"wp:term":[{"taxonomy":"product_cat","embeddable":true,"href":"https:\/\/rezekne.citro.lv\/ru\/wp-json\/wp\/v2\/product_cat?post=59601"},{"taxonomy":"product_tag","embeddable":true,"href":"https:\/\/rezekne.citro.lv\/ru\/wp-json\/wp\/v2\/product_tag?post=59601"}],"curies":[{"name":"wp","href":"https:\/\/api.w.org\/{rel}","templated":true}]}}