{"id":59604,"date":"2026-04-09T00:06:46","date_gmt":"2026-04-08T21:06:46","guid":{"rendered":"https:\/\/rezekne.citro.lv\/veikals\/cipsi-crunchips-x-cut-ar-kebaba-un-sipola-garsu-75g\/"},"modified":"2026-04-19T06:04:53","modified_gmt":"2026-04-19T03:04:53","slug":"cipsi-crunchips-x-cut-ar-kebaba-un-sipola-garsu-75g","status":"publish","type":"product","link":"https:\/\/rezekne.citro.lv\/ru\/product\/cipsi-crunchips-x-cut-ar-kebaba-un-sipola-garsu-75g\/","title":{"rendered":"\u010cIPSI CRUNCHIPS X-CUT AR KEBABA UN S\u012aPOLA GAR\u0160U 75G"},"content":{"rendered":"<p>Izcelsmes valsts: V\u0101cija<\/p>\n","protected":false},"excerpt":{"rendered":"<p>13.20 \u20ac\/KG<\/p>\n","protected":false},"featured_media":59737,"template":"","meta":{"_acf_changed":false,"inline_featured_image":false},"product_cat":[125,191],"product_tag":[],"acf":[],"aioseo_notices":[],"_links":{"self":[{"href":"https:\/\/rezekne.citro.lv\/ru\/wp-json\/wp\/v2\/product\/59604"}],"collection":[{"href":"https:\/\/rezekne.citro.lv\/ru\/wp-json\/wp\/v2\/product"}],"about":[{"href":"https:\/\/rezekne.citro.lv\/ru\/wp-json\/wp\/v2\/types\/product"}],"wp:featuredmedia":[{"embeddable":true,"href":"https:\/\/rezekne.citro.lv\/ru\/wp-json\/wp\/v2\/media\/59737"}],"wp:attachment":[{"href":"https:\/\/rezekne.citro.lv\/ru\/wp-json\/wp\/v2\/media?parent=59604"}],"wp:term":[{"taxonomy":"product_cat","embeddable":true,"href":"https:\/\/rezekne.citro.lv\/ru\/wp-json\/wp\/v2\/product_cat?post=59604"},{"taxonomy":"product_tag","embeddable":true,"href":"https:\/\/rezekne.citro.lv\/ru\/wp-json\/wp\/v2\/product_tag?post=59604"}],"curies":[{"name":"wp","href":"https:\/\/api.w.org\/{rel}","templated":true}]}}