{"id":59608,"date":"2023-03-02T00:54:51","date_gmt":"2023-03-01T22:54:51","guid":{"rendered":"https:\/\/rezekne.citro.lv\/veikals\/gurki-marineti-krakus-asie-ar-cili-pipariem-809g-500g\/"},"modified":"2023-04-18T06:18:57","modified_gmt":"2023-04-18T03:18:57","slug":"gurki-marineti-krakus-asie-ar-cili-pipariem-809g-500g","status":"publish","type":"product","link":"https:\/\/rezekne.citro.lv\/ru\/product\/gurki-marineti-krakus-asie-ar-cili-pipariem-809g-500g\/","title":{"rendered":"GUR\u0136I MARIN\u0112TI KRAKUS ASIE AR \u010cILI PIPARIEM 809G\/500G"},"content":{"rendered":"","protected":false},"excerpt":{"rendered":"<p>4.70 \u20ac\/KG<\/p>\n","protected":false},"featured_media":60874,"template":"","meta":{"_acf_changed":false,"inline_featured_image":false},"product_cat":[103,140],"product_tag":[],"acf":[],"aioseo_notices":[],"_links":{"self":[{"href":"https:\/\/rezekne.citro.lv\/ru\/wp-json\/wp\/v2\/product\/59608"}],"collection":[{"href":"https:\/\/rezekne.citro.lv\/ru\/wp-json\/wp\/v2\/product"}],"about":[{"href":"https:\/\/rezekne.citro.lv\/ru\/wp-json\/wp\/v2\/types\/product"}],"wp:featuredmedia":[{"embeddable":true,"href":"https:\/\/rezekne.citro.lv\/ru\/wp-json\/wp\/v2\/media\/60874"}],"wp:attachment":[{"href":"https:\/\/rezekne.citro.lv\/ru\/wp-json\/wp\/v2\/media?parent=59608"}],"wp:term":[{"taxonomy":"product_cat","embeddable":true,"href":"https:\/\/rezekne.citro.lv\/ru\/wp-json\/wp\/v2\/product_cat?post=59608"},{"taxonomy":"product_tag","embeddable":true,"href":"https:\/\/rezekne.citro.lv\/ru\/wp-json\/wp\/v2\/product_tag?post=59608"}],"curies":[{"name":"wp","href":"https:\/\/api.w.org\/{rel}","templated":true}]}}