{"id":59706,"date":"2026-04-23T00:16:57","date_gmt":"2026-04-22T21:16:57","guid":{"rendered":"https:\/\/rezekne.citro.lv\/veikals\/karbonade-svetku-karsti-kupinata-kg\/"},"modified":"2026-04-27T09:00:13","modified_gmt":"2026-04-27T06:00:13","slug":"karbonade-svetku-karsti-kupinata-kg","status":"publish","type":"product","link":"https:\/\/rezekne.citro.lv\/ru\/product\/karbonade-svetku-karsti-kupinata-kg\/","title":{"rendered":"KARBON\u0100DE SV\u0112TKU KARSTI K\u016aPIN\u0100TA KG"},"content":{"rendered":"<p>Izcelsmes valsts: Lietuva<\/p>\n","protected":false},"excerpt":{"rendered":"<p>8.59 \u20ac\/KG<\/p>\n","protected":false},"featured_media":59772,"template":"","meta":{"_acf_changed":false,"inline_featured_image":false},"product_cat":[135,174],"product_tag":[],"acf":[],"aioseo_notices":[],"_links":{"self":[{"href":"https:\/\/rezekne.citro.lv\/ru\/wp-json\/wp\/v2\/product\/59706"}],"collection":[{"href":"https:\/\/rezekne.citro.lv\/ru\/wp-json\/wp\/v2\/product"}],"about":[{"href":"https:\/\/rezekne.citro.lv\/ru\/wp-json\/wp\/v2\/types\/product"}],"wp:featuredmedia":[{"embeddable":true,"href":"https:\/\/rezekne.citro.lv\/ru\/wp-json\/wp\/v2\/media\/59772"}],"wp:attachment":[{"href":"https:\/\/rezekne.citro.lv\/ru\/wp-json\/wp\/v2\/media?parent=59706"}],"wp:term":[{"taxonomy":"product_cat","embeddable":true,"href":"https:\/\/rezekne.citro.lv\/ru\/wp-json\/wp\/v2\/product_cat?post=59706"},{"taxonomy":"product_tag","embeddable":true,"href":"https:\/\/rezekne.citro.lv\/ru\/wp-json\/wp\/v2\/product_tag?post=59706"}],"curies":[{"name":"wp","href":"https:\/\/api.w.org\/{rel}","templated":true}]}}