{"id":59711,"date":"2024-08-27T11:10:44","date_gmt":"2024-08-27T08:10:44","guid":{"rendered":"https:\/\/rezekne.citro.lv\/veikals\/konservi-lasa-fileja-sava-sula-ar-ellu-240g-168g\/"},"modified":"2026-05-01T12:00:24","modified_gmt":"2026-05-01T09:00:24","slug":"konservi-lasa-fileja-sava-sula-ar-ellu-240g-168g","status":"publish","type":"product","link":"https:\/\/rezekne.citro.lv\/ru\/product\/konservi-lasa-fileja-sava-sula-ar-ellu-240g-168g\/","title":{"rendered":"KONSERVI LA\u0160A FILEJA SAV\u0100 SUL\u0100 AR E\u013b\u013bU 240G\/168G"},"content":{"rendered":"<p>Izcelsmes valsts: Latvija<\/p>\n","protected":false},"excerpt":{"rendered":"<p>10.06 \u20ac\/KG<\/p>\n","protected":false},"featured_media":59775,"template":"","meta":{"_acf_changed":false,"inline_featured_image":false},"product_cat":[135,136],"product_tag":[],"acf":[],"aioseo_notices":[],"_links":{"self":[{"href":"https:\/\/rezekne.citro.lv\/ru\/wp-json\/wp\/v2\/product\/59711"}],"collection":[{"href":"https:\/\/rezekne.citro.lv\/ru\/wp-json\/wp\/v2\/product"}],"about":[{"href":"https:\/\/rezekne.citro.lv\/ru\/wp-json\/wp\/v2\/types\/product"}],"wp:featuredmedia":[{"embeddable":true,"href":"https:\/\/rezekne.citro.lv\/ru\/wp-json\/wp\/v2\/media\/59775"}],"wp:attachment":[{"href":"https:\/\/rezekne.citro.lv\/ru\/wp-json\/wp\/v2\/media?parent=59711"}],"wp:term":[{"taxonomy":"product_cat","embeddable":true,"href":"https:\/\/rezekne.citro.lv\/ru\/wp-json\/wp\/v2\/product_cat?post=59711"},{"taxonomy":"product_tag","embeddable":true,"href":"https:\/\/rezekne.citro.lv\/ru\/wp-json\/wp\/v2\/product_tag?post=59711"}],"curies":[{"name":"wp","href":"https:\/\/api.w.org\/{rel}","templated":true}]}}