{"id":59716,"date":"2026-03-12T00:05:38","date_gmt":"2026-03-11T22:05:38","guid":{"rendered":"https:\/\/rezekne.citro.lv\/veikals\/platsmaize-abolu-majas-citro-sver\/"},"modified":"2026-04-19T06:04:49","modified_gmt":"2026-04-19T03:04:49","slug":"platsmaize-abolu-majas-citro-sver","status":"publish","type":"product","link":"https:\/\/rezekne.citro.lv\/ru\/product\/platsmaize-abolu-majas-citro-sver\/","title":{"rendered":"PL\u0100TSMAIZE \u0100BOLU M\u0100JAS CITRO SVER."},"content":{"rendered":"<p>Izcelsmes valsts: Latvija<br \/> Sast\u0101vda\u013cas: \u0101boli 30.8%, KVIE\u0160U MILTI, KEF\u012aRS(2%), cukurs, saulespu\u0137u e\u013c\u013ca rafin\u0113ta;OLAS,termostab\u012bls p\u016bdercukurs((dekstroze, KVIE\u0160U ciete, stabilizators E470a, augu tauki(palmu), aromatiz\u0113t\u0101js-vanil\u012bns): cepamais pulveris(irdin\u0101t\u0101ji:E450( din\u0101trija difosf\u0101ts), E 500(n\u0101trija karbon\u0101ts) , KVIE\u0160U milti.Var satur\u0113tSOJAS pupu,SEL\u0112RIJAS un SINEPJU  produktu dali\u0146as);kan\u0113lis,  Uzglab\u0101\u0161anas temperat\u016bra,+20+25C Inform\u0101cija par uzturv\u0113rt\u012bbu: 100 g produkta satur: ener\u0123\u0113tisk\u0101 v\u0113rt\u012bba 1045 kJ \/ 249kcal; tauki 10g, tostarp pies\u0101tin\u0101t\u0101s tauksk\u0101bes 1.4g; og\u013chidr\u0101ti 35.8g, tostarp cukuri 20.4g; \u0161\u0137iedrvielas 0.8g; olbaltumvielas 3.5g; s\u0101ls 0g.<\/p>\n","protected":false},"excerpt":{"rendered":"<p>5.49 \u20ac\/KG<\/p>\n","protected":false},"featured_media":59731,"template":"","meta":{"_acf_changed":false,"inline_featured_image":false},"product_cat":[109,110],"product_tag":[],"acf":[],"aioseo_notices":[],"_links":{"self":[{"href":"https:\/\/rezekne.citro.lv\/ru\/wp-json\/wp\/v2\/product\/59716"}],"collection":[{"href":"https:\/\/rezekne.citro.lv\/ru\/wp-json\/wp\/v2\/product"}],"about":[{"href":"https:\/\/rezekne.citro.lv\/ru\/wp-json\/wp\/v2\/types\/product"}],"wp:featuredmedia":[{"embeddable":true,"href":"https:\/\/rezekne.citro.lv\/ru\/wp-json\/wp\/v2\/media\/59731"}],"wp:attachment":[{"href":"https:\/\/rezekne.citro.lv\/ru\/wp-json\/wp\/v2\/media?parent=59716"}],"wp:term":[{"taxonomy":"product_cat","embeddable":true,"href":"https:\/\/rezekne.citro.lv\/ru\/wp-json\/wp\/v2\/product_cat?post=59716"},{"taxonomy":"product_tag","embeddable":true,"href":"https:\/\/rezekne.citro.lv\/ru\/wp-json\/wp\/v2\/product_tag?post=59716"}],"curies":[{"name":"wp","href":"https:\/\/api.w.org\/{rel}","templated":true}]}}