{"id":59720,"date":"2026-03-12T00:15:30","date_gmt":"2026-03-11T22:15:30","guid":{"rendered":"https:\/\/rezekne.citro.lv\/veikals\/surimi-krabju-nujinas-milu-zivis-150g\/"},"modified":"2026-04-25T06:11:41","modified_gmt":"2026-04-25T03:11:41","slug":"surimi-krabju-nujinas-milu-zivis-150g","status":"publish","type":"product","link":"https:\/\/rezekne.citro.lv\/ru\/product\/surimi-krabju-nujinas-milu-zivis-150g\/","title":{"rendered":"SURIMI KRABJU N\u016aJI\u0145AS M\u012aLU ZIVIS 150G"},"content":{"rendered":"","protected":false},"excerpt":{"rendered":"<p>12.60 \u20ac\/KG<\/p>\n","protected":false},"featured_media":59783,"template":"","meta":{"_acf_changed":false,"inline_featured_image":false},"product_cat":[135,136],"product_tag":[],"acf":[],"aioseo_notices":[],"_links":{"self":[{"href":"https:\/\/rezekne.citro.lv\/ru\/wp-json\/wp\/v2\/product\/59720"}],"collection":[{"href":"https:\/\/rezekne.citro.lv\/ru\/wp-json\/wp\/v2\/product"}],"about":[{"href":"https:\/\/rezekne.citro.lv\/ru\/wp-json\/wp\/v2\/types\/product"}],"wp:featuredmedia":[{"embeddable":true,"href":"https:\/\/rezekne.citro.lv\/ru\/wp-json\/wp\/v2\/media\/59783"}],"wp:attachment":[{"href":"https:\/\/rezekne.citro.lv\/ru\/wp-json\/wp\/v2\/media?parent=59720"}],"wp:term":[{"taxonomy":"product_cat","embeddable":true,"href":"https:\/\/rezekne.citro.lv\/ru\/wp-json\/wp\/v2\/product_cat?post=59720"},{"taxonomy":"product_tag","embeddable":true,"href":"https:\/\/rezekne.citro.lv\/ru\/wp-json\/wp\/v2\/product_tag?post=59720"}],"curies":[{"name":"wp","href":"https:\/\/api.w.org\/{rel}","templated":true}]}}