{"id":59729,"date":"2026-04-23T01:16:10","date_gmt":"2026-04-22T22:16:10","guid":{"rendered":"https:\/\/rezekne.citro.lv\/veikals\/rausisi-ar-sieru-citro-300g\/"},"modified":"2026-05-05T09:00:26","modified_gmt":"2026-05-05T06:00:26","slug":"rausisi-ar-sieru-citro-300g","status":"publish","type":"product","link":"https:\/\/rezekne.citro.lv\/ru\/product\/rausisi-ar-sieru-citro-300g\/","title":{"rendered":"RAUS\u012a\u0160I AR SIERU CITRO 300G"},"content":{"rendered":"<p>Izcelsmes valsts: Latvija<br \/> Sast\u0101vda\u013cas: m\u012bkla{(KVIE\u0160U MILTI: \u016bdens: margar\u012bns ((augu e\u013c\u013cas(palmu,rap\u0161u),\u016bdens,emulgatori(tauksk\u0101bju mono un diglicer\u012bdi,  tauksk\u0101bju un poliglicerina esteri, lecit\u012bns), s\u0101ls,sk\u0101buma regul\u0113t\u0101js , konserv\u0101nts k\u0101lija sorb\u0101ts, arom\u0101ts, kr\u0101sviela 160a)): saulespu\u0137u e\u013c\u013ca rafin\u0113ta:  cukurs: s\u0101ls: raugs sausais((raugs Saccharomyces cerevisiae ), emulgators: E491 )): uzlabot\u0101js(KVIE\u0160U milti, fermenti, miltu apstr\u0101des l\u012bdzeklis:E300.Var satur\u0113t LIPEKLI saturo\u0161o, OLU, SOJASpupu, SEZAMA s\u0113klu produktu da\u013ci\u0146as): nogatavin\u0101ts puscietais siers  (t.s.s 45%)-23.5% ((pasteriz\u0113ts  PIENS,  p\u0101rtikas s\u0101ls, konservants-k\u0101lija nitr\u0101ts, siera ieraugs,mikrobiolo\u0123iskais ferments, p\u0101rtikas kr\u0101sviela-beta karot\u012bns)): OLAS, \u016bdens; olu aizvietot\u0101js((KAZE\u012aNS (PIENA olbaltumvielas), sk\u0101buma regul\u0113t\u0101js (E450, E500), LAKTOZE))  Uzglab\u0101\u0161anas temperat\u016bra+20-+25C Inform\u0101cija par uzturv\u0113rt\u012bbu: 100 g produkta satur: ener\u0123\u0113tisk\u0101 v\u0113rt\u012bba 1388 kJ \/ 332kcal; tauki 17.1g, tostarp pies\u0101tin\u0101t\u0101s tauksk\u0101bes 8.6g; og\u013chidr\u0101ti 32.5g, tostarp cukuri 2.1g; \u0161\u0137iedrvielas 1.8g; olbaltumvielas 11.1g; s\u0101ls 0.9g.<\/p>\n","protected":false},"excerpt":{"rendered":"<p>7.63 \u20ac\/KG<\/p>\n","protected":false},"featured_media":68452,"template":"","meta":{"_acf_changed":false,"inline_featured_image":false},"product_cat":[109,110],"product_tag":[],"acf":[],"aioseo_notices":[],"_links":{"self":[{"href":"https:\/\/rezekne.citro.lv\/ru\/wp-json\/wp\/v2\/product\/59729"}],"collection":[{"href":"https:\/\/rezekne.citro.lv\/ru\/wp-json\/wp\/v2\/product"}],"about":[{"href":"https:\/\/rezekne.citro.lv\/ru\/wp-json\/wp\/v2\/types\/product"}],"wp:featuredmedia":[{"embeddable":true,"href":"https:\/\/rezekne.citro.lv\/ru\/wp-json\/wp\/v2\/media\/68452"}],"wp:attachment":[{"href":"https:\/\/rezekne.citro.lv\/ru\/wp-json\/wp\/v2\/media?parent=59729"}],"wp:term":[{"taxonomy":"product_cat","embeddable":true,"href":"https:\/\/rezekne.citro.lv\/ru\/wp-json\/wp\/v2\/product_cat?post=59729"},{"taxonomy":"product_tag","embeddable":true,"href":"https:\/\/rezekne.citro.lv\/ru\/wp-json\/wp\/v2\/product_tag?post=59729"}],"curies":[{"name":"wp","href":"https:\/\/api.w.org\/{rel}","templated":true}]}}