{"id":59750,"date":"2025-08-22T00:01:54","date_gmt":"2025-08-21T21:01:54","guid":{"rendered":"https:\/\/rezekne.citro.lv\/veikals\/batonins-veganiskais-lazdu-riekstu-proteina-45g-skriveru\/"},"modified":"2025-08-22T00:01:55","modified_gmt":"2025-08-21T21:01:55","slug":"batonins-veganiskais-lazdu-riekstu-proteina-45g-skriveru","status":"publish","type":"product","link":"https:\/\/rezekne.citro.lv\/ru\/product\/batonins-veganiskais-lazdu-riekstu-proteina-45g-skriveru\/","title":{"rendered":"BATONI\u0145\u0160 VEG\u0100NISKAIS LAZDU RIEKSTU PROTE\u012aNA 45G SKR\u012aVERU"},"content":{"rendered":"<p>Izcelsmes valsts: Latvija<\/p>\n","protected":false},"excerpt":{"rendered":"<p>66.44 \u20ac\/KG<\/p>\n","protected":false},"featured_media":59792,"template":"","meta":{"_acf_changed":false,"inline_featured_image":false},"product_cat":[125,134],"product_tag":[],"acf":[],"aioseo_notices":[],"_links":{"self":[{"href":"https:\/\/rezekne.citro.lv\/ru\/wp-json\/wp\/v2\/product\/59750"}],"collection":[{"href":"https:\/\/rezekne.citro.lv\/ru\/wp-json\/wp\/v2\/product"}],"about":[{"href":"https:\/\/rezekne.citro.lv\/ru\/wp-json\/wp\/v2\/types\/product"}],"wp:featuredmedia":[{"embeddable":true,"href":"https:\/\/rezekne.citro.lv\/ru\/wp-json\/wp\/v2\/media\/59792"}],"wp:attachment":[{"href":"https:\/\/rezekne.citro.lv\/ru\/wp-json\/wp\/v2\/media?parent=59750"}],"wp:term":[{"taxonomy":"product_cat","embeddable":true,"href":"https:\/\/rezekne.citro.lv\/ru\/wp-json\/wp\/v2\/product_cat?post=59750"},{"taxonomy":"product_tag","embeddable":true,"href":"https:\/\/rezekne.citro.lv\/ru\/wp-json\/wp\/v2\/product_tag?post=59750"}],"curies":[{"name":"wp","href":"https:\/\/api.w.org\/{rel}","templated":true}]}}