{"id":59895,"date":"2026-03-13T00:01:56","date_gmt":"2026-03-12T22:01:56","guid":{"rendered":"https:\/\/rezekne.citro.lv\/veikals\/parslas-kukuruzas-wurzener-500g\/"},"modified":"2026-03-13T00:02:03","modified_gmt":"2026-03-12T22:02:03","slug":"parslas-kukuruzas-wurzener-500g","status":"publish","type":"product","link":"https:\/\/rezekne.citro.lv\/ru\/product\/parslas-kukuruzas-wurzener-500g\/","title":{"rendered":"P\u0100RSLAS KUKUR\u016aZAS WURZENER 500G"},"content":{"rendered":"<p>Izcelsmes valsts: V\u0101cija<\/p>\n","protected":false},"excerpt":{"rendered":"<p>5.18 \u20ac\/KG<\/p>\n","protected":false},"featured_media":60149,"template":"","meta":{"_acf_changed":false,"inline_featured_image":false},"product_cat":[125,126],"product_tag":[],"acf":[],"aioseo_notices":[],"_links":{"self":[{"href":"https:\/\/rezekne.citro.lv\/ru\/wp-json\/wp\/v2\/product\/59895"}],"collection":[{"href":"https:\/\/rezekne.citro.lv\/ru\/wp-json\/wp\/v2\/product"}],"about":[{"href":"https:\/\/rezekne.citro.lv\/ru\/wp-json\/wp\/v2\/types\/product"}],"wp:featuredmedia":[{"embeddable":true,"href":"https:\/\/rezekne.citro.lv\/ru\/wp-json\/wp\/v2\/media\/60149"}],"wp:attachment":[{"href":"https:\/\/rezekne.citro.lv\/ru\/wp-json\/wp\/v2\/media?parent=59895"}],"wp:term":[{"taxonomy":"product_cat","embeddable":true,"href":"https:\/\/rezekne.citro.lv\/ru\/wp-json\/wp\/v2\/product_cat?post=59895"},{"taxonomy":"product_tag","embeddable":true,"href":"https:\/\/rezekne.citro.lv\/ru\/wp-json\/wp\/v2\/product_tag?post=59895"}],"curies":[{"name":"wp","href":"https:\/\/api.w.org\/{rel}","templated":true}]}}