{"id":59897,"date":"2026-03-26T00:34:41","date_gmt":"2026-03-25T22:34:41","guid":{"rendered":"https:\/\/rezekne.citro.lv\/veikals\/tomati-kons-dzerv-mar-grafienes-annas-gaume-muizkungu-1kg\/"},"modified":"2026-05-02T06:04:48","modified_gmt":"2026-05-02T03:04:48","slug":"tomati-kons-dzerv-mar-grafienes-annas-gaume-muizkungu-1kg","status":"publish","type":"product","link":"https:\/\/rezekne.citro.lv\/ru\/product\/tomati-kons-dzerv-mar-grafienes-annas-gaume-muizkungu-1kg\/","title":{"rendered":"TOM\u0100TI KONS.DZ\u0112RV.MAR.GR\u0100FIENES ANNAS GAUM\u0112 MUI\u017dKUNGU 1KG"},"content":{"rendered":"<p>Izcelsmes valsts: Ukraina<\/p>\n","protected":false},"excerpt":{"rendered":"<p>2.59 \u20ac\/KG<\/p>\n","protected":false},"featured_media":60151,"template":"","meta":{"_acf_changed":false,"inline_featured_image":false},"product_cat":[103,137],"product_tag":[],"acf":[],"aioseo_notices":[],"_links":{"self":[{"href":"https:\/\/rezekne.citro.lv\/ru\/wp-json\/wp\/v2\/product\/59897"}],"collection":[{"href":"https:\/\/rezekne.citro.lv\/ru\/wp-json\/wp\/v2\/product"}],"about":[{"href":"https:\/\/rezekne.citro.lv\/ru\/wp-json\/wp\/v2\/types\/product"}],"wp:featuredmedia":[{"embeddable":true,"href":"https:\/\/rezekne.citro.lv\/ru\/wp-json\/wp\/v2\/media\/60151"}],"wp:attachment":[{"href":"https:\/\/rezekne.citro.lv\/ru\/wp-json\/wp\/v2\/media?parent=59897"}],"wp:term":[{"taxonomy":"product_cat","embeddable":true,"href":"https:\/\/rezekne.citro.lv\/ru\/wp-json\/wp\/v2\/product_cat?post=59897"},{"taxonomy":"product_tag","embeddable":true,"href":"https:\/\/rezekne.citro.lv\/ru\/wp-json\/wp\/v2\/product_tag?post=59897"}],"curies":[{"name":"wp","href":"https:\/\/api.w.org\/{rel}","templated":true}]}}