{"id":59918,"date":"2026-03-26T00:34:33","date_gmt":"2026-03-25T22:34:33","guid":{"rendered":"https:\/\/rezekne.citro.lv\/veikals\/titara-filejas-skinkis-105g\/"},"modified":"2026-04-18T06:25:22","modified_gmt":"2026-04-18T03:25:22","slug":"titara-filejas-skinkis-105g","status":"publish","type":"product","link":"https:\/\/rezekne.citro.lv\/ru\/product\/titara-filejas-skinkis-105g\/","title":{"rendered":"T\u012aTARA FILEJAS \u0160\u0136I\u0145\u0136IS 105G"},"content":{"rendered":"<p>Izcelsmes valsts: Igaunija<\/p>\n","protected":false},"excerpt":{"rendered":"<p>17.05 \u20ac\/KG<\/p>\n","protected":false},"featured_media":75865,"template":"","meta":{"_acf_changed":false,"inline_featured_image":false},"product_cat":[135,190,174],"product_tag":[],"acf":[],"aioseo_notices":[],"_links":{"self":[{"href":"https:\/\/rezekne.citro.lv\/ru\/wp-json\/wp\/v2\/product\/59918"}],"collection":[{"href":"https:\/\/rezekne.citro.lv\/ru\/wp-json\/wp\/v2\/product"}],"about":[{"href":"https:\/\/rezekne.citro.lv\/ru\/wp-json\/wp\/v2\/types\/product"}],"wp:featuredmedia":[{"embeddable":true,"href":"https:\/\/rezekne.citro.lv\/ru\/wp-json\/wp\/v2\/media\/75865"}],"wp:attachment":[{"href":"https:\/\/rezekne.citro.lv\/ru\/wp-json\/wp\/v2\/media?parent=59918"}],"wp:term":[{"taxonomy":"product_cat","embeddable":true,"href":"https:\/\/rezekne.citro.lv\/ru\/wp-json\/wp\/v2\/product_cat?post=59918"},{"taxonomy":"product_tag","embeddable":true,"href":"https:\/\/rezekne.citro.lv\/ru\/wp-json\/wp\/v2\/product_tag?post=59918"}],"curies":[{"name":"wp","href":"https:\/\/api.w.org\/{rel}","templated":true}]}}