{"id":59923,"date":"2026-04-16T00:02:28","date_gmt":"2026-04-15T21:02:28","guid":{"rendered":"https:\/\/rezekne.citro.lv\/veikals\/cukgalas-un-liellopa-galas-malta-masa-500g-forevers\/"},"modified":"2026-04-17T12:25:31","modified_gmt":"2026-04-17T09:25:31","slug":"cukgalas-un-liellopa-galas-malta-masa-500g-forevers","status":"publish","type":"product","link":"https:\/\/rezekne.citro.lv\/ru\/product\/cukgalas-un-liellopa-galas-malta-masa-500g-forevers\/","title":{"rendered":"C\u016aKGA\u013bAS UN LIELLOPA GA\u013bAS MALT\u0100 MASA 500G FOREVERS"},"content":{"rendered":"<p>Izcelsmes valsts: Latvija<\/p>\n","protected":false},"excerpt":{"rendered":"<p>3.78 \u20ac\/KG<\/p>\n","protected":false},"featured_media":60136,"template":"","meta":{"_acf_changed":false,"inline_featured_image":false},"product_cat":[135,190],"product_tag":[],"acf":[],"aioseo_notices":[],"_links":{"self":[{"href":"https:\/\/rezekne.citro.lv\/ru\/wp-json\/wp\/v2\/product\/59923"}],"collection":[{"href":"https:\/\/rezekne.citro.lv\/ru\/wp-json\/wp\/v2\/product"}],"about":[{"href":"https:\/\/rezekne.citro.lv\/ru\/wp-json\/wp\/v2\/types\/product"}],"wp:featuredmedia":[{"embeddable":true,"href":"https:\/\/rezekne.citro.lv\/ru\/wp-json\/wp\/v2\/media\/60136"}],"wp:attachment":[{"href":"https:\/\/rezekne.citro.lv\/ru\/wp-json\/wp\/v2\/media?parent=59923"}],"wp:term":[{"taxonomy":"product_cat","embeddable":true,"href":"https:\/\/rezekne.citro.lv\/ru\/wp-json\/wp\/v2\/product_cat?post=59923"},{"taxonomy":"product_tag","embeddable":true,"href":"https:\/\/rezekne.citro.lv\/ru\/wp-json\/wp\/v2\/product_tag?post=59923"}],"curies":[{"name":"wp","href":"https:\/\/api.w.org\/{rel}","templated":true}]}}