{"id":59935,"date":"2026-04-23T00:45:57","date_gmt":"2026-04-22T21:45:57","guid":{"rendered":"https:\/\/rezekne.citro.lv\/veikals\/desa-varita-doktora-premium-ar-liellopu-galu-kg\/"},"modified":"2026-05-10T06:04:57","modified_gmt":"2026-05-10T03:04:57","slug":"desa-varita-doktora-premium-ar-liellopu-galu-kg","status":"publish","type":"product","link":"https:\/\/rezekne.citro.lv\/ru\/product\/desa-varita-doktora-premium-ar-liellopu-galu-kg\/","title":{"rendered":"DESA V\u0100R\u012aTA DOKTORA PREMIUM AR LIELLOPU GA\u013bU  KG"},"content":{"rendered":"<p>Izcelsmes valsts: Lietuva<\/p>\n","protected":false},"excerpt":{"rendered":"<p>5.79 \u20ac\/KG<\/p>\n","protected":false},"featured_media":77931,"template":"","meta":{"_acf_changed":false,"inline_featured_image":false},"product_cat":[135,144],"product_tag":[],"acf":[],"aioseo_notices":[],"_links":{"self":[{"href":"https:\/\/rezekne.citro.lv\/ru\/wp-json\/wp\/v2\/product\/59935"}],"collection":[{"href":"https:\/\/rezekne.citro.lv\/ru\/wp-json\/wp\/v2\/product"}],"about":[{"href":"https:\/\/rezekne.citro.lv\/ru\/wp-json\/wp\/v2\/types\/product"}],"wp:featuredmedia":[{"embeddable":true,"href":"https:\/\/rezekne.citro.lv\/ru\/wp-json\/wp\/v2\/media\/77931"}],"wp:attachment":[{"href":"https:\/\/rezekne.citro.lv\/ru\/wp-json\/wp\/v2\/media?parent=59935"}],"wp:term":[{"taxonomy":"product_cat","embeddable":true,"href":"https:\/\/rezekne.citro.lv\/ru\/wp-json\/wp\/v2\/product_cat?post=59935"},{"taxonomy":"product_tag","embeddable":true,"href":"https:\/\/rezekne.citro.lv\/ru\/wp-json\/wp\/v2\/product_tag?post=59935"}],"curies":[{"name":"wp","href":"https:\/\/api.w.org\/{rel}","templated":true}]}}