{"id":59936,"date":"2026-04-23T00:45:57","date_gmt":"2026-04-22T21:45:57","guid":{"rendered":"https:\/\/rezekne.citro.lv\/veikals\/siers-tilzites-cesvaines-skeles-120g\/"},"modified":"2026-04-23T15:00:20","modified_gmt":"2026-04-23T12:00:20","slug":"siers-tilzites-cesvaines-skeles-120g","status":"publish","type":"product","link":"https:\/\/rezekne.citro.lv\/ru\/product\/siers-tilzites-cesvaines-skeles-120g\/","title":{"rendered":"SIERS TILZ\u012aTES CESVAINES \u0160\u0136\u0112L\u0112S 120G"},"content":{"rendered":"<p>Izcelsmes valsts: Latvija<\/p>\n","protected":false},"excerpt":{"rendered":"<p>15.92 \u20ac\/KG<\/p>\n","protected":false},"featured_media":77495,"template":"","meta":{"_acf_changed":false,"inline_featured_image":false},"product_cat":[95,224],"product_tag":[],"acf":[],"aioseo_notices":[],"_links":{"self":[{"href":"https:\/\/rezekne.citro.lv\/ru\/wp-json\/wp\/v2\/product\/59936"}],"collection":[{"href":"https:\/\/rezekne.citro.lv\/ru\/wp-json\/wp\/v2\/product"}],"about":[{"href":"https:\/\/rezekne.citro.lv\/ru\/wp-json\/wp\/v2\/types\/product"}],"wp:featuredmedia":[{"embeddable":true,"href":"https:\/\/rezekne.citro.lv\/ru\/wp-json\/wp\/v2\/media\/77495"}],"wp:attachment":[{"href":"https:\/\/rezekne.citro.lv\/ru\/wp-json\/wp\/v2\/media?parent=59936"}],"wp:term":[{"taxonomy":"product_cat","embeddable":true,"href":"https:\/\/rezekne.citro.lv\/ru\/wp-json\/wp\/v2\/product_cat?post=59936"},{"taxonomy":"product_tag","embeddable":true,"href":"https:\/\/rezekne.citro.lv\/ru\/wp-json\/wp\/v2\/product_tag?post=59936"}],"curies":[{"name":"wp","href":"https:\/\/api.w.org\/{rel}","templated":true}]}}