{"id":59940,"date":"2026-04-01T00:03:23","date_gmt":"2026-03-31T21:03:23","guid":{"rendered":"https:\/\/rezekne.citro.lv\/veikals\/renge-cepta-marineta-ar-ceptiem-sipoliem-350g-lucki\/"},"modified":"2026-04-08T09:04:23","modified_gmt":"2026-04-08T06:04:23","slug":"renge-cepta-marineta-ar-ceptiem-sipoliem-350g-lucki","status":"publish","type":"product","link":"https:\/\/rezekne.citro.lv\/ru\/product\/renge-cepta-marineta-ar-ceptiem-sipoliem-350g-lucki\/","title":{"rendered":"RE\u0145\u0122E CEPTA MARIN\u0112TA AR CEPTIEM S\u012aPOLIEM 350G LUCKI"},"content":{"rendered":"<p>Izcelsmes valsts: Latvija<\/p>\n","protected":false},"excerpt":{"rendered":"<p>7.40 \u20ac\/KG<\/p>\n","protected":false},"featured_media":60146,"template":"","meta":{"_acf_changed":false,"inline_featured_image":false},"product_cat":[135,136],"product_tag":[],"acf":[],"aioseo_notices":[],"_links":{"self":[{"href":"https:\/\/rezekne.citro.lv\/ru\/wp-json\/wp\/v2\/product\/59940"}],"collection":[{"href":"https:\/\/rezekne.citro.lv\/ru\/wp-json\/wp\/v2\/product"}],"about":[{"href":"https:\/\/rezekne.citro.lv\/ru\/wp-json\/wp\/v2\/types\/product"}],"wp:featuredmedia":[{"embeddable":true,"href":"https:\/\/rezekne.citro.lv\/ru\/wp-json\/wp\/v2\/media\/60146"}],"wp:attachment":[{"href":"https:\/\/rezekne.citro.lv\/ru\/wp-json\/wp\/v2\/media?parent=59940"}],"wp:term":[{"taxonomy":"product_cat","embeddable":true,"href":"https:\/\/rezekne.citro.lv\/ru\/wp-json\/wp\/v2\/product_cat?post=59940"},{"taxonomy":"product_tag","embeddable":true,"href":"https:\/\/rezekne.citro.lv\/ru\/wp-json\/wp\/v2\/product_tag?post=59940"}],"curies":[{"name":"wp","href":"https:\/\/api.w.org\/{rel}","templated":true}]}}