{"id":59942,"date":"2026-02-26T00:33:03","date_gmt":"2026-02-25T22:33:03","guid":{"rendered":"https:\/\/rezekne.citro.lv\/veikals\/dzeriens-gazets-tervete-ar-mango-garsu-1-5l\/"},"modified":"2026-04-04T06:25:13","modified_gmt":"2026-04-04T03:25:13","slug":"dzeriens-gazets-tervete-ar-mango-garsu-1-5l","status":"publish","type":"product","link":"https:\/\/rezekne.citro.lv\/ru\/product\/dzeriens-gazets-tervete-ar-mango-garsu-1-5l\/","title":{"rendered":"DZ\u0112RIENS G\u0100Z\u0112TS T\u0112RVETE AR MANGO GAR\u0160U 1.5L"},"content":{"rendered":"<p>Izcelsmes valsts: Latvija<\/p>\n","protected":false},"excerpt":{"rendered":"<p>0.83 \u20ac\/L<\/p>\n","protected":false},"featured_media":60902,"template":"","meta":{"_acf_changed":false,"inline_featured_image":false},"product_cat":[106,107,186],"product_tag":[],"acf":[],"aioseo_notices":[],"_links":{"self":[{"href":"https:\/\/rezekne.citro.lv\/ru\/wp-json\/wp\/v2\/product\/59942"}],"collection":[{"href":"https:\/\/rezekne.citro.lv\/ru\/wp-json\/wp\/v2\/product"}],"about":[{"href":"https:\/\/rezekne.citro.lv\/ru\/wp-json\/wp\/v2\/types\/product"}],"wp:featuredmedia":[{"embeddable":true,"href":"https:\/\/rezekne.citro.lv\/ru\/wp-json\/wp\/v2\/media\/60902"}],"wp:attachment":[{"href":"https:\/\/rezekne.citro.lv\/ru\/wp-json\/wp\/v2\/media?parent=59942"}],"wp:term":[{"taxonomy":"product_cat","embeddable":true,"href":"https:\/\/rezekne.citro.lv\/ru\/wp-json\/wp\/v2\/product_cat?post=59942"},{"taxonomy":"product_tag","embeddable":true,"href":"https:\/\/rezekne.citro.lv\/ru\/wp-json\/wp\/v2\/product_tag?post=59942"}],"curies":[{"name":"wp","href":"https:\/\/api.w.org\/{rel}","templated":true}]}}