{"id":59948,"date":"2025-08-14T02:34:32","date_gmt":"2025-08-13T23:34:32","guid":{"rendered":"https:\/\/rezekne.citro.lv\/veikals\/limonade-zemenu-1-5l-cesu-alus\/"},"modified":"2026-04-06T06:03:40","modified_gmt":"2026-04-06T03:03:40","slug":"limonade-zemenu-1-5l-cesu-alus","status":"publish","type":"product","link":"https:\/\/rezekne.citro.lv\/ru\/product\/limonade-zemenu-1-5l-cesu-alus\/","title":{"rendered":"LIMON\u0100DE ZEME\u0145U 1.5L C\u0112SU ALUS"},"content":{"rendered":"<p>Izcelsmes valsts: Latvija<\/p>\n","protected":false},"excerpt":{"rendered":"<p>0.97 \u20ac\/L<\/p>\n","protected":false},"featured_media":60879,"template":"","meta":{"_acf_changed":false,"inline_featured_image":false},"product_cat":[106,107],"product_tag":[],"acf":[],"aioseo_notices":[],"_links":{"self":[{"href":"https:\/\/rezekne.citro.lv\/ru\/wp-json\/wp\/v2\/product\/59948"}],"collection":[{"href":"https:\/\/rezekne.citro.lv\/ru\/wp-json\/wp\/v2\/product"}],"about":[{"href":"https:\/\/rezekne.citro.lv\/ru\/wp-json\/wp\/v2\/types\/product"}],"wp:featuredmedia":[{"embeddable":true,"href":"https:\/\/rezekne.citro.lv\/ru\/wp-json\/wp\/v2\/media\/60879"}],"wp:attachment":[{"href":"https:\/\/rezekne.citro.lv\/ru\/wp-json\/wp\/v2\/media?parent=59948"}],"wp:term":[{"taxonomy":"product_cat","embeddable":true,"href":"https:\/\/rezekne.citro.lv\/ru\/wp-json\/wp\/v2\/product_cat?post=59948"},{"taxonomy":"product_tag","embeddable":true,"href":"https:\/\/rezekne.citro.lv\/ru\/wp-json\/wp\/v2\/product_tag?post=59948"}],"curies":[{"name":"wp","href":"https:\/\/api.w.org\/{rel}","templated":true}]}}