{"id":59950,"date":"2026-04-23T00:46:05","date_gmt":"2026-04-22T21:46:05","guid":{"rendered":"https:\/\/rezekne.citro.lv\/veikals\/desa-varita-viegli-kup-ar-speki-doktordesa-550g\/"},"modified":"2026-05-13T09:00:14","modified_gmt":"2026-05-13T06:00:14","slug":"desa-varita-viegli-kup-ar-speki-doktordesa-550g","status":"publish","type":"product","link":"https:\/\/rezekne.citro.lv\/ru\/product\/desa-varita-viegli-kup-ar-speki-doktordesa-550g\/","title":{"rendered":"DESA V\u0100R\u012aTA VIEGLI K\u016aP.AR SPE\u0136I DOKTORDESA 550G"},"content":{"rendered":"<p>Izcelsmes valsts: Lietuva<\/p>\n","protected":false},"excerpt":{"rendered":"<p>5.44 \u20ac\/KG<\/p>\n","protected":false},"featured_media":60953,"template":"","meta":{"_acf_changed":false,"inline_featured_image":false},"product_cat":[135,144],"product_tag":[],"acf":[],"aioseo_notices":[],"_links":{"self":[{"href":"https:\/\/rezekne.citro.lv\/ru\/wp-json\/wp\/v2\/product\/59950"}],"collection":[{"href":"https:\/\/rezekne.citro.lv\/ru\/wp-json\/wp\/v2\/product"}],"about":[{"href":"https:\/\/rezekne.citro.lv\/ru\/wp-json\/wp\/v2\/types\/product"}],"wp:featuredmedia":[{"embeddable":true,"href":"https:\/\/rezekne.citro.lv\/ru\/wp-json\/wp\/v2\/media\/60953"}],"wp:attachment":[{"href":"https:\/\/rezekne.citro.lv\/ru\/wp-json\/wp\/v2\/media?parent=59950"}],"wp:term":[{"taxonomy":"product_cat","embeddable":true,"href":"https:\/\/rezekne.citro.lv\/ru\/wp-json\/wp\/v2\/product_cat?post=59950"},{"taxonomy":"product_tag","embeddable":true,"href":"https:\/\/rezekne.citro.lv\/ru\/wp-json\/wp\/v2\/product_tag?post=59950"}],"curies":[{"name":"wp","href":"https:\/\/api.w.org\/{rel}","templated":true}]}}